{"id":2,"date":"2014-02-26T22:22:29","date_gmt":"2014-02-27T03:22:29","guid":{"rendered":"http:\/\/ouelletrobert.aphidnet.org\/?page_id=2"},"modified":"2022-04-05T11:00:34","modified_gmt":"2022-04-05T15:00:34","slug":"accueil","status":"publish","type":"page","link":"http:\/\/qmor.umontreal.ca\/en\/","title":{"rendered":"Accueil"},"content":{"rendered":"<p>Bienvenue \u00e0 la Collection entomologique Ouellet-Robert de l&rsquo;<a href=\"http:\/\/bio.umontreal.ca\">Universit\u00e9 de Montr\u00e9al<\/a>.<\/p>\n<p>La collection est h\u00e9berg\u00e9e \u00e0 l&rsquo;<a href=\"http:\/\/irbv.umontreal.ca\">Institut de recherche en biologie v\u00e9g\u00e9tale<\/a> au Centre sur la Biodiversit\u00e9 de l&rsquo;Universit\u00e9.<\/p>\n<p>Suivez-nous sur <a href=\"https:\/\/www.facebook.com\/OuelletRobert\">FaceBook&nbsp;<\/a><a href=\"https:\/\/www.facebook.com\/OuelletRobert\"><img loading=\"lazy\" decoding=\"async\" class=\"alignnone wp-image-2561\" src=\"https:\/\/qmor.umontreal.ca\/wp-content\/uploads\/2014\/02\/fb-art.png\" alt=\"\" width=\"57\" height=\"57\" srcset=\"https:\/\/qmor.umontreal.ca\/wp-content\/uploads\/2014\/02\/fb-art.png 250w, https:\/\/qmor.umontreal.ca\/wp-content\/uploads\/2014\/02\/fb-art-150x150.png 150w\" sizes=\"auto, (max-width: 57px) 100vw, 57px\" \/><\/a><\/p>\n<p><a href=\"http:\/\/irbv.umontreal.ca\"><img loading=\"lazy\" decoding=\"async\" class=\"wp-image-2482 alignleft\" src=\"https:\/\/qmor.umontreal.ca\/wp-content\/uploads\/2014\/02\/Logo-IRBV-300x142-300x142-300x142.png\" alt=\"\" width=\"222\" height=\"105\"><\/a>&nbsp;&nbsp;<a href=\"http:\/\/bio.umontreal.ca\"><img loading=\"lazy\" decoding=\"async\" class=\"wp-image-2484 alignright\" src=\"https:\/\/qmor.umontreal.ca\/wp-content\/uploads\/2014\/02\/UdM-300x122-300x122.png\" alt=\"\" width=\"202\" height=\"82\"><\/a><\/p>\n<p><\/p>\n\n\n<hr class=\"wp-block-separator\"\/>\n\n\n<h2 style=\"text-align: center;\"><strong>Offre de ma\u00eetrise et stage &#8211; Entomopathologie et production d&rsquo;insectes<\/strong><\/h2>\n<h2 style=\"text-align: center;\">Appliquez d\u00e8s maintenant! Avant le 13 avril 2022<\/h2>\n<blockquote>\n<p><a href=\"https:\/\/qmor.umontreal.ca\/wp-content\/uploads\/2022\/04\/Offre_IRBV_Entomopatho-2022.pdf\">&gt;&gt;&gt; Offre maitrise en_Entomopathologie<\/a><\/p>\n<\/blockquote>\n<p><a href=\"https:\/\/qmor.umontreal.ca\/wp-content\/uploads\/2022\/04\/Offre_IRBV_StageEntomopatho-2022-1.pdf\">&gt;&gt;&gt; Offre de stage en entomopathologie<\/a><\/p>\n<h2><a href=\"https:\/\/qmor.umontreal.ca\/en\/les-projets-de-la-collection\/\"><strong>Les projets en cours<\/strong><\/a><\/h2>\n<p>\u00a0<\/p>\n<p><a href=\"https:\/\/qmor.umontreal.ca\/wp-content\/uploads\/2020\/03\/Screen-Shot-2020-03-26-at-2.37.29-PM.png\"><img loading=\"lazy\" decoding=\"async\" class=\"alignnone  wp-image-4329\" src=\"https:\/\/qmor.umontreal.ca\/wp-content\/uploads\/2020\/03\/Screen-Shot-2020-03-26-at-2.37.29-PM-227x300.png\" alt=\"\" width=\"201\" height=\"266\" srcset=\"https:\/\/qmor.umontreal.ca\/wp-content\/uploads\/2020\/03\/Screen-Shot-2020-03-26-at-2.37.29-PM-227x300.png 227w, https:\/\/qmor.umontreal.ca\/wp-content\/uploads\/2020\/03\/Screen-Shot-2020-03-26-at-2.37.29-PM-204x270.png 204w, https:\/\/qmor.umontreal.ca\/wp-content\/uploads\/2020\/03\/Screen-Shot-2020-03-26-at-2.37.29-PM.png 588w\" sizes=\"auto, (max-width: 201px) 100vw, 201px\" \/><\/a><a href=\"https:\/\/qmor.umontreal.ca\/wp-content\/uploads\/2020\/03\/20190722_162207-scaled.jpg\"><img loading=\"lazy\" decoding=\"async\" class=\"alignnone  wp-image-4341\" src=\"https:\/\/qmor.umontreal.ca\/wp-content\/uploads\/2020\/03\/20190722_162207-225x300.jpg\" alt=\"\" width=\"199\" height=\"265\" srcset=\"https:\/\/qmor.umontreal.ca\/wp-content\/uploads\/2020\/03\/20190722_162207-225x300.jpg 225w, https:\/\/qmor.umontreal.ca\/wp-content\/uploads\/2020\/03\/20190722_162207-768x1024.jpg 768w, https:\/\/qmor.umontreal.ca\/wp-content\/uploads\/2020\/03\/20190722_162207-1152x1536.jpg 1152w, https:\/\/qmor.umontreal.ca\/wp-content\/uploads\/2020\/03\/20190722_162207-1536x2048.jpg 1536w, https:\/\/qmor.umontreal.ca\/wp-content\/uploads\/2020\/03\/20190722_162207-203x270.jpg 203w, https:\/\/qmor.umontreal.ca\/wp-content\/uploads\/2020\/03\/20190722_162207-scaled.jpg 1920w\" sizes=\"auto, (max-width: 199px) 100vw, 199px\" \/><\/a><a href=\"https:\/\/qmor.umontreal.ca\/wp-content\/uploads\/2020\/03\/20190720_142014-scaled.jpg\"><img loading=\"lazy\" decoding=\"async\" class=\"alignnone  wp-image-4343\" src=\"https:\/\/qmor.umontreal.ca\/wp-content\/uploads\/2020\/03\/20190720_142014-225x300.jpg\" alt=\"\" width=\"196\" height=\"261\" srcset=\"https:\/\/qmor.umontreal.ca\/wp-content\/uploads\/2020\/03\/20190720_142014-225x300.jpg 225w, https:\/\/qmor.umontreal.ca\/wp-content\/uploads\/2020\/03\/20190720_142014-768x1024.jpg 768w, https:\/\/qmor.umontreal.ca\/wp-content\/uploads\/2020\/03\/20190720_142014-1152x1536.jpg 1152w, https:\/\/qmor.umontreal.ca\/wp-content\/uploads\/2020\/03\/20190720_142014-1536x2048.jpg 1536w, https:\/\/qmor.umontreal.ca\/wp-content\/uploads\/2020\/03\/20190720_142014-203x270.jpg 203w, https:\/\/qmor.umontreal.ca\/wp-content\/uploads\/2020\/03\/20190720_142014-scaled.jpg 1920w\" sizes=\"auto, (max-width: 196px) 100vw, 196px\" \/><\/a><\/p>\n<p>\u00a0<\/p>\n\n\n<hr class=\"wp-block-separator\"\/>\n\n\n<h2><a href=\"https:\/\/qmor.umontreal.ca\/en\/devenir-benevole\/\"><strong>B\u00e9n\u00e9volat \u00e0 la collection<\/strong><\/a><\/h2>\n<p><\/p>\n<p><a href=\"https:\/\/qmor.umontreal.ca\/wp-content\/uploads\/2020\/03\/20190925_091416-scaled.jpg\"><img loading=\"lazy\" decoding=\"async\" class=\"alignnone  wp-image-4355\" src=\"https:\/\/qmor.umontreal.ca\/wp-content\/uploads\/2020\/03\/20190925_091416-225x300.jpg\" alt=\"\" width=\"181\" height=\"241\" srcset=\"https:\/\/qmor.umontreal.ca\/wp-content\/uploads\/2020\/03\/20190925_091416-225x300.jpg 225w, https:\/\/qmor.umontreal.ca\/wp-content\/uploads\/2020\/03\/20190925_091416-768x1024.jpg 768w, https:\/\/qmor.umontreal.ca\/wp-content\/uploads\/2020\/03\/20190925_091416-1152x1536.jpg 1152w, https:\/\/qmor.umontreal.ca\/wp-content\/uploads\/2020\/03\/20190925_091416-1536x2048.jpg 1536w, https:\/\/qmor.umontreal.ca\/wp-content\/uploads\/2020\/03\/20190925_091416-203x270.jpg 203w, https:\/\/qmor.umontreal.ca\/wp-content\/uploads\/2020\/03\/20190925_091416-scaled.jpg 1920w\" sizes=\"auto, (max-width: 181px) 100vw, 181px\" \/><\/a><a href=\"https:\/\/qmor.umontreal.ca\/wp-content\/uploads\/2020\/03\/20200310_111614-scaled.jpg\"><img loading=\"lazy\" decoding=\"async\" class=\"alignnone  wp-image-4357\" src=\"https:\/\/qmor.umontreal.ca\/wp-content\/uploads\/2020\/03\/20200310_111614-225x300.jpg\" alt=\"\" width=\"180\" height=\"239\" srcset=\"https:\/\/qmor.umontreal.ca\/wp-content\/uploads\/2020\/03\/20200310_111614-225x300.jpg 225w, https:\/\/qmor.umontreal.ca\/wp-content\/uploads\/2020\/03\/20200310_111614-768x1024.jpg 768w, https:\/\/qmor.umontreal.ca\/wp-content\/uploads\/2020\/03\/20200310_111614-1152x1536.jpg 1152w, https:\/\/qmor.umontreal.ca\/wp-content\/uploads\/2020\/03\/20200310_111614-1536x2048.jpg 1536w, https:\/\/qmor.umontreal.ca\/wp-content\/uploads\/2020\/03\/20200310_111614-203x270.jpg 203w, https:\/\/qmor.umontreal.ca\/wp-content\/uploads\/2020\/03\/20200310_111614-scaled.jpg 1920w\" sizes=\"auto, (max-width: 180px) 100vw, 180px\" \/><\/a><a href=\"https:\/\/qmor.umontreal.ca\/wp-content\/uploads\/2020\/03\/20190918_105414-scaled.jpg\"><img loading=\"lazy\" decoding=\"async\" class=\"alignnone  wp-image-4356\" src=\"https:\/\/qmor.umontreal.ca\/wp-content\/uploads\/2020\/03\/20190918_105414-225x300.jpg\" alt=\"\" width=\"180\" height=\"240\" srcset=\"https:\/\/qmor.umontreal.ca\/wp-content\/uploads\/2020\/03\/20190918_105414-225x300.jpg 225w, https:\/\/qmor.umontreal.ca\/wp-content\/uploads\/2020\/03\/20190918_105414-768x1024.jpg 768w, https:\/\/qmor.umontreal.ca\/wp-content\/uploads\/2020\/03\/20190918_105414-1152x1536.jpg 1152w, https:\/\/qmor.umontreal.ca\/wp-content\/uploads\/2020\/03\/20190918_105414-1536x2048.jpg 1536w, https:\/\/qmor.umontreal.ca\/wp-content\/uploads\/2020\/03\/20190918_105414-203x270.jpg 203w, https:\/\/qmor.umontreal.ca\/wp-content\/uploads\/2020\/03\/20190918_105414-scaled.jpg 1920w\" sizes=\"auto, (max-width: 180px) 100vw, 180px\" \/><\/a><\/p>\n<p><a href=\"https:\/\/qmor.umontreal.ca\/wp-content\/uploads\/2020\/03\/20191212_144223-1-scaled.jpg\"><img loading=\"lazy\" decoding=\"async\" class=\"wp-image-4282\" src=\"https:\/\/qmor.umontreal.ca\/wp-content\/uploads\/2020\/03\/20191212_144223-1-300x218.jpg\" alt=\"\" width=\"274\" height=\"199\" srcset=\"https:\/\/qmor.umontreal.ca\/wp-content\/uploads\/2020\/03\/20191212_144223-1-300x218.jpg 300w, https:\/\/qmor.umontreal.ca\/wp-content\/uploads\/2020\/03\/20191212_144223-1-1024x744.jpg 1024w, https:\/\/qmor.umontreal.ca\/wp-content\/uploads\/2020\/03\/20191212_144223-1-768x558.jpg 768w, https:\/\/qmor.umontreal.ca\/wp-content\/uploads\/2020\/03\/20191212_144223-1-1536x1116.jpg 1536w, https:\/\/qmor.umontreal.ca\/wp-content\/uploads\/2020\/03\/20191212_144223-1-2048x1488.jpg 2048w, https:\/\/qmor.umontreal.ca\/wp-content\/uploads\/2020\/03\/20191212_144223-1-372x270.jpg 372w\" sizes=\"auto, (max-width: 274px) 100vw, 274px\" \/><\/a><\/p>\n<p><\/p>\n\n\n<hr class=\"wp-block-separator\"\/>\n\n\n<h2><a href=\"https:\/\/qmor.umontreal.ca\/en\/service-didentification-et-dexpertise-en-entomologie\/\">Service d&rsquo;identification et d&rsquo;expertise en entomologie<\/a><\/h2>\n<p><a href=\"https:\/\/qmor.umontreal.ca\/wp-content\/uploads\/2020\/03\/logo_SIEE.jpg\"><img loading=\"lazy\" decoding=\"async\" class=\"alignnone size-medium wp-image-4286\" src=\"https:\/\/qmor.umontreal.ca\/wp-content\/uploads\/2020\/03\/logo_SIEE-300x142.jpg\" alt=\"\" width=\"300\" height=\"142\" srcset=\"https:\/\/qmor.umontreal.ca\/wp-content\/uploads\/2020\/03\/logo_SIEE-300x142.jpg 300w, https:\/\/qmor.umontreal.ca\/wp-content\/uploads\/2020\/03\/logo_SIEE-1024x485.jpg 1024w, https:\/\/qmor.umontreal.ca\/wp-content\/uploads\/2020\/03\/logo_SIEE-768x364.jpg 768w, https:\/\/qmor.umontreal.ca\/wp-content\/uploads\/2020\/03\/logo_SIEE-1536x728.jpg 1536w, https:\/\/qmor.umontreal.ca\/wp-content\/uploads\/2020\/03\/logo_SIEE-570x270.jpg 570w, https:\/\/qmor.umontreal.ca\/wp-content\/uploads\/2020\/03\/logo_SIEE.jpg 1996w\" sizes=\"auto, (max-width: 300px) 100vw, 300px\" \/><\/a><\/p>\n\n\n<hr class=\"wp-block-separator\"\/>\n\n\n<h2><a href=\"https:\/\/qmor.umontreal.ca\/en\/prets-et-services\/\"><strong>Pr\u00eat de sp\u00e9cimens<\/strong><\/a><\/h2>\n<p><\/p>\n<p><a href=\"https:\/\/qmor.umontreal.ca\/wp-content\/uploads\/2020\/03\/020422_CloutierHarper.gif\"><img loading=\"lazy\" decoding=\"async\" class=\"size-full wp-image-4260\" src=\"https:\/\/qmor.umontreal.ca\/wp-content\/uploads\/2020\/03\/020422_CloutierHarper.gif\" alt=\"\" width=\"216\" height=\"175\"><\/a><\/p>\n\n\n<hr class=\"wp-block-separator\"\/>\n\n\n<h2><a href=\"https:\/\/qmor.umontreal.ca\/en\/historique-de-la-collection\/\"><strong>Historique de la collection<\/strong><\/a><\/h2>\n<p><\/p>\n<p><a href=\"https:\/\/qmor.umontreal.ca\/wp-content\/uploads\/2020\/03\/Peter-collection-scaled.jpg\"><img loading=\"lazy\" decoding=\"async\" class=\"wp-image-4253 alignleft\" src=\"https:\/\/qmor.umontreal.ca\/wp-content\/uploads\/2020\/03\/Peter-collection-300x201.jpg\" alt=\"\" width=\"262\" height=\"175\" srcset=\"https:\/\/qmor.umontreal.ca\/wp-content\/uploads\/2020\/03\/Peter-collection-300x201.jpg 300w, https:\/\/qmor.umontreal.ca\/wp-content\/uploads\/2020\/03\/Peter-collection-1024x685.jpg 1024w, https:\/\/qmor.umontreal.ca\/wp-content\/uploads\/2020\/03\/Peter-collection-768x514.jpg 768w, https:\/\/qmor.umontreal.ca\/wp-content\/uploads\/2020\/03\/Peter-collection-1536x1027.jpg 1536w, https:\/\/qmor.umontreal.ca\/wp-content\/uploads\/2020\/03\/Peter-collection-2048x1369.jpg 2048w, https:\/\/qmor.umontreal.ca\/wp-content\/uploads\/2020\/03\/Peter-collection-404x270.jpg 404w\" sizes=\"auto, (max-width: 262px) 100vw, 262px\" \/><\/a><\/p>\n<p><a href=\"https:\/\/qmor.umontreal.ca\/wp-content\/uploads\/2020\/03\/FrRobert-6.jpg\"><img loading=\"lazy\" decoding=\"async\" class=\"wp-image-4247 alignleft\" src=\"https:\/\/qmor.umontreal.ca\/wp-content\/uploads\/2020\/03\/FrRobert-6-300x208.jpg\" alt=\"\" width=\"251\" height=\"174\" srcset=\"https:\/\/qmor.umontreal.ca\/wp-content\/uploads\/2020\/03\/FrRobert-6-300x208.jpg 300w, https:\/\/qmor.umontreal.ca\/wp-content\/uploads\/2020\/03\/FrRobert-6-768x533.jpg 768w, https:\/\/qmor.umontreal.ca\/wp-content\/uploads\/2020\/03\/FrRobert-6-389x270.jpg 389w, https:\/\/qmor.umontreal.ca\/wp-content\/uploads\/2020\/03\/FrRobert-6.jpg 1024w\" sizes=\"auto, (max-width: 251px) 100vw, 251px\" \/><\/a><\/p>\n<p><\/p>\n\n\n<hr class=\"wp-block-separator\"\/>\n\n\n\n<hr class=\"wp-block-separator\"\/>\n\n\n<h2><a href=\"https:\/\/qmor.umontreal.ca\/en\/personnel\/\"><strong>Personnels de la collection<\/strong><\/a><\/h2>\n<p><\/p>\n<p><a href=\"https:\/\/qmor.umontreal.ca\/wp-content\/uploads\/2020\/03\/16403239_1750644684960920_6015624322666392783_o.jpg\"><img loading=\"lazy\" decoding=\"async\" class=\"wp-image-4267 alignleft\" src=\"https:\/\/qmor.umontreal.ca\/wp-content\/uploads\/2020\/03\/16403239_1750644684960920_6015624322666392783_o-300x300.jpg\" alt=\"\" width=\"222\" height=\"222\" srcset=\"https:\/\/qmor.umontreal.ca\/wp-content\/uploads\/2020\/03\/16403239_1750644684960920_6015624322666392783_o-300x300.jpg 300w, https:\/\/qmor.umontreal.ca\/wp-content\/uploads\/2020\/03\/16403239_1750644684960920_6015624322666392783_o-150x150.jpg 150w, https:\/\/qmor.umontreal.ca\/wp-content\/uploads\/2020\/03\/16403239_1750644684960920_6015624322666392783_o-768x768.jpg 768w, https:\/\/qmor.umontreal.ca\/wp-content\/uploads\/2020\/03\/16403239_1750644684960920_6015624322666392783_o-270x270.jpg 270w, https:\/\/qmor.umontreal.ca\/wp-content\/uploads\/2020\/03\/16403239_1750644684960920_6015624322666392783_o.jpg 960w\" sizes=\"auto, (max-width: 222px) 100vw, 222px\" \/><\/a><\/p>\n<p><a href=\"https:\/\/qmor.umontreal.ca\/wp-content\/uploads\/2020\/03\/60795125_10157640917347214_5084677692855418880_n-1.jpg\"><img loading=\"lazy\" decoding=\"async\" class=\"wp-image-4268\" src=\"https:\/\/qmor.umontreal.ca\/wp-content\/uploads\/2020\/03\/60795125_10157640917347214_5084677692855418880_n-1-300x300.jpg\" alt=\"\" width=\"236\" height=\"236\" srcset=\"https:\/\/qmor.umontreal.ca\/wp-content\/uploads\/2020\/03\/60795125_10157640917347214_5084677692855418880_n-1-300x300.jpg 300w, https:\/\/qmor.umontreal.ca\/wp-content\/uploads\/2020\/03\/60795125_10157640917347214_5084677692855418880_n-1-150x150.jpg 150w, https:\/\/qmor.umontreal.ca\/wp-content\/uploads\/2020\/03\/60795125_10157640917347214_5084677692855418880_n-1-270x270.jpg 270w, https:\/\/qmor.umontreal.ca\/wp-content\/uploads\/2020\/03\/60795125_10157640917347214_5084677692855418880_n-1.jpg 687w\" sizes=\"auto, (max-width: 236px) 100vw, 236px\" \/><\/a><\/p>","protected":false},"excerpt":{"rendered":"<p>Bienvenue \u00e0 la Collection entomologique Ouellet-Robert de l&rsquo;Universit\u00e9 de Montr\u00e9al. La collection est h\u00e9berg\u00e9e \u00e0 l&rsquo;Institut de recherche en biologie v\u00e9g\u00e9tale au Centre sur la Biodiversit\u00e9 de l&rsquo;Universit\u00e9. Suivez-nous sur FaceBook&nbsp; &nbsp;&nbsp; Offre de ma\u00eetrise et stage &#8211; Entomopathologie et production d&rsquo;insectes Appliquez d\u00e8s maintenant! Avant le 13 avril 2022 &gt;&gt;&gt; Offre maitrise en_Entomopathologie &gt;&gt;&gt; [&hellip;]<\/p>\n","protected":false},"author":1,"featured_media":0,"parent":0,"menu_order":0,"comment_status":"closed","ping_status":"closed","template":"","meta":{"_uag_custom_page_level_css":"","footnotes":""},"class_list":["post-2","page","type-page","status-publish","hentry"],"uagb_featured_image_src":{"full":false,"thumbnail":false,"medium":false,"medium_large":false,"large":false,"1536x1536":false,"2048x2048":false,"trp-custom-language-flag":false},"uagb_author_info":{"display_name":"Colin","author_link":"http:\/\/qmor.umontreal.ca\/en\/author\/favretc\/"},"uagb_comment_info":0,"uagb_excerpt":"Bienvenue \u00e0 la Collection entomologique Ouellet-Robert de l&rsquo;Universit\u00e9 de Montr\u00e9al. La collection est h\u00e9berg\u00e9e \u00e0 l&rsquo;Institut de recherche en biologie v\u00e9g\u00e9tale au Centre sur la Biodiversit\u00e9 de l&rsquo;Universit\u00e9. Suivez-nous sur FaceBook&nbsp; &nbsp;&nbsp; Offre de ma\u00eetrise et stage &#8211; Entomopathologie et production d&rsquo;insectes Appliquez d\u00e8s maintenant! Avant le 13 avril 2022 &gt;&gt;&gt; Offre maitrise en_Entomopathologie &gt;&gt;&gt;&hellip;","_links":{"self":[{"href":"http:\/\/qmor.umontreal.ca\/en\/wp-json\/wp\/v2\/pages\/2","targetHints":{"allow":["GET"]}}],"collection":[{"href":"http:\/\/qmor.umontreal.ca\/en\/wp-json\/wp\/v2\/pages"}],"about":[{"href":"http:\/\/qmor.umontreal.ca\/en\/wp-json\/wp\/v2\/types\/page"}],"author":[{"embeddable":true,"href":"http:\/\/qmor.umontreal.ca\/en\/wp-json\/wp\/v2\/users\/1"}],"replies":[{"embeddable":true,"href":"http:\/\/qmor.umontreal.ca\/en\/wp-json\/wp\/v2\/comments?post=2"}],"version-history":[{"count":34,"href":"http:\/\/qmor.umontreal.ca\/en\/wp-json\/wp\/v2\/pages\/2\/revisions"}],"predecessor-version":[{"id":6081,"href":"http:\/\/qmor.umontreal.ca\/en\/wp-json\/wp\/v2\/pages\/2\/revisions\/6081"}],"wp:attachment":[{"href":"http:\/\/qmor.umontreal.ca\/en\/wp-json\/wp\/v2\/media?parent=2"}],"curies":[{"name":"wp","href":"https:\/\/api.w.org\/{rel}","templated":true}]}}