{"id":2421,"date":"2017-07-12T16:28:20","date_gmt":"2017-07-12T20:28:20","guid":{"rendered":"http:\/\/qmor.umontreal.ca\/?page_id=2421"},"modified":"2017-10-06T12:26:19","modified_gmt":"2017-10-06T16:26:19","slug":"personnel","status":"publish","type":"page","link":"http:\/\/qmor.umontreal.ca\/en\/personnel\/","title":{"rendered":"Personnel de la collection"},"content":{"rendered":"<p><img loading=\"lazy\" decoding=\"async\" class=\"alignnone size-medium wp-image-2426\" src=\"https:\/\/qmor.umontreal.ca\/wp-content\/uploads\/2017\/07\/Colin-242x300.jpg\" alt=\"\" width=\"242\" height=\"300\" srcset=\"https:\/\/qmor.umontreal.ca\/wp-content\/uploads\/2017\/07\/Colin-242x300.jpg 242w, https:\/\/qmor.umontreal.ca\/wp-content\/uploads\/2017\/07\/Colin-768x953.jpg 768w, https:\/\/qmor.umontreal.ca\/wp-content\/uploads\/2017\/07\/Colin-826x1024.jpg 826w, https:\/\/qmor.umontreal.ca\/wp-content\/uploads\/2017\/07\/Colin-218x270.jpg 218w, https:\/\/qmor.umontreal.ca\/wp-content\/uploads\/2017\/07\/Colin.jpg 845w\" sizes=\"auto, (max-width: 242px) 100vw, 242px\" \/><\/p>\n<p><b>Conservateur<\/b><br \/>\n<a href=\"http:\/\/favret.aphidnet.org\/fr\/chercheur-principal\/\">Colin Favret<\/a><br \/>\nBureau : +1.514.343.2158<br \/>\ncolin.favret@umontreal.ca<\/p>\n<p>&nbsp;<\/p>\n<p><img loading=\"lazy\" decoding=\"async\" class=\"alignnone size-medium wp-image-2427\" src=\"https:\/\/qmor.umontreal.ca\/wp-content\/uploads\/2017\/07\/Moi1-300x210-300x210.jpg\" alt=\"\" width=\"300\" height=\"210\" \/><\/p>\n<p><b>Coordonnateur<\/b><br \/>\n\u00c9tienne Normandin<br \/>\nLabo : +1.514.343.6111 #82703<br \/>\nBureau : +1.514.343.6111 #83151<br \/>\nqmor.umontreal@gmail.com<\/p>\n<p>&nbsp;<\/p>\n<p><img loading=\"lazy\" decoding=\"async\" class=\"alignnone size-medium wp-image-2551\" src=\"https:\/\/qmor.umontreal.ca\/wp-content\/uploads\/2017\/07\/Peter-collection-300x201.jpg\" alt=\"\" width=\"300\" height=\"201\" \/><\/p>\n<p><strong>Pierre-Paul Harper\u00a0<\/strong>est le conservateur honorifique des insectes aquatiques. Il a \u00e9t\u00e9 conservateur de la collection depuis 1971 jusqu\u2019\u00e0 sa retraite\u00a0en 2004. Son domaine de\u00a0recherche est la taxonomie et la diversit\u00e9 des insectes aquatiques, plus sp\u00e9cialement les perles ou mouches de pierre (<a href=\"https:\/\/fr.wikipedia.org\/wiki\/Plecoptera\">Plecoptera \u2013 Wikipedia<\/a>).<\/p>\n<p>&nbsp;<\/p>\n<p><img loading=\"lazy\" decoding=\"async\" class=\"alignnone size-full wp-image-2554\" src=\"https:\/\/qmor.umontreal.ca\/wp-content\/uploads\/2017\/07\/20060918_Cloutier.jpg\" alt=\"\" width=\"252\" height=\"168\" \/><\/p>\n<p><strong>Louise Cloutier\u00a0<\/strong>a \u00e9t\u00e9 la coordonnatrice de la collection durant 25 ans jusqu\u2019\u00e0 sa retraite en 2015. Elle continue activement un programme de recherche dans la collection sur la diversit\u00e9 et la taxonomie des chiromonid\u00e9s (<a href=\"https:\/\/fr.wikipedia.org\/wiki\/Chironomidae\">Chironomidae \u2013 Wikipedia<\/a>), une famille d\u2019insectes aquatiques, la famille la plus diverse des\u00a0vraies mouches.<\/p>","protected":false},"excerpt":{"rendered":"<p>Conservateur Colin Favret Bureau : +1.514.343.2158 colin.favret@umontreal.ca &nbsp; Coordonnateur \u00c9tienne Normandin Labo : +1.514.343.6111 #82703 Bureau : +1.514.343.6111 #83151 qmor.umontreal@gmail.com &nbsp; Pierre-Paul Harper\u00a0est le conservateur honorifique des insectes aquatiques. Il a \u00e9t\u00e9 conservateur de la collection depuis 1971 jusqu\u2019\u00e0 sa retraite\u00a0en 2004. Son domaine de\u00a0recherche est la taxonomie et la diversit\u00e9 des insectes aquatiques, plus [&hellip;]<\/p>\n","protected":false},"author":1,"featured_media":0,"parent":0,"menu_order":0,"comment_status":"closed","ping_status":"closed","template":"","meta":{"_uag_custom_page_level_css":"","footnotes":""},"class_list":["post-2421","page","type-page","status-publish","hentry"],"uagb_featured_image_src":{"full":false,"thumbnail":false,"medium":false,"medium_large":false,"large":false,"1536x1536":false,"2048x2048":false,"trp-custom-language-flag":false},"uagb_author_info":{"display_name":"Colin","author_link":"http:\/\/qmor.umontreal.ca\/en\/author\/favretc\/"},"uagb_comment_info":0,"uagb_excerpt":"Conservateur Colin Favret Bureau : +1.514.343.2158 colin.favret@umontreal.ca &nbsp; Coordonnateur \u00c9tienne Normandin Labo : +1.514.343.6111 #82703 Bureau : +1.514.343.6111 #83151 qmor.umontreal@gmail.com &nbsp; Pierre-Paul Harper\u00a0est le conservateur honorifique des insectes aquatiques. Il a \u00e9t\u00e9 conservateur de la collection depuis 1971 jusqu\u2019\u00e0 sa retraite\u00a0en 2004. Son domaine de\u00a0recherche est la taxonomie et la diversit\u00e9 des insectes aquatiques, plus&hellip;","_links":{"self":[{"href":"http:\/\/qmor.umontreal.ca\/en\/wp-json\/wp\/v2\/pages\/2421","targetHints":{"allow":["GET"]}}],"collection":[{"href":"http:\/\/qmor.umontreal.ca\/en\/wp-json\/wp\/v2\/pages"}],"about":[{"href":"http:\/\/qmor.umontreal.ca\/en\/wp-json\/wp\/v2\/types\/page"}],"author":[{"embeddable":true,"href":"http:\/\/qmor.umontreal.ca\/en\/wp-json\/wp\/v2\/users\/1"}],"replies":[{"embeddable":true,"href":"http:\/\/qmor.umontreal.ca\/en\/wp-json\/wp\/v2\/comments?post=2421"}],"version-history":[{"count":9,"href":"http:\/\/qmor.umontreal.ca\/en\/wp-json\/wp\/v2\/pages\/2421\/revisions"}],"predecessor-version":[{"id":2557,"href":"http:\/\/qmor.umontreal.ca\/en\/wp-json\/wp\/v2\/pages\/2421\/revisions\/2557"}],"wp:attachment":[{"href":"http:\/\/qmor.umontreal.ca\/en\/wp-json\/wp\/v2\/media?parent=2421"}],"curies":[{"name":"wp","href":"https:\/\/api.w.org\/{rel}","templated":true}]}}