{"id":2435,"date":"2017-07-12T16:40:26","date_gmt":"2017-07-12T20:40:26","guid":{"rendered":"http:\/\/qmor.umontreal.ca\/?page_id=2435"},"modified":"2018-12-03T14:19:01","modified_gmt":"2018-12-03T19:19:01","slug":"specimens","status":"publish","type":"page","link":"http:\/\/qmor.umontreal.ca\/en\/specimens\/","title":{"rendered":"Nos sp\u00e9cimens"},"content":{"rendered":"<h2>La collection<\/h2>\n<p>Compos\u00e9e d\u2019environ 1 million et demi de sp\u00e9cimens, elle est parmi les plus importantes collections d\u2019insectes du Qu\u00e9bec. Les diff\u00e9rents groupes d\u2019insectes qui composent la collection sont tr\u00e8s bien achev\u00e9s dans leur ensemble. Certains groupes sont toutefois particuli\u00e8rement bien repr\u00e9sent\u00e9s. Vous pouvez consulter sur <a href=\"http:\/\/doi.org\/10.5886\/qwvt63fz\">Canadensys la base de donn\u00e9es, au niveau du sp\u00e9cimen, d&rsquo;une partie de la collection<\/a>, surtout des ordres aquatiques des \u00e9ph\u00e9m\u00e8res, pl\u00e9copt\u00e8res, et trichopt\u00e8res, et notre tr\u00e8s grande collections d&rsquo;odonates.<\/p>\n<p><a href=\"http:\/\/doi.org\/10.5886\/vehj9v\">Un inventaire complet de la collection est disponible pour t\u00e9l\u00e9chargement, en format Darwin Core, chez Canadensys<\/a>.<\/p>\n<h3>Les Pucerons<\/h3>\n<p>Les Aphidid\u00e9s (Pucerons) est le groupe de pr\u00e9dilection du conservateur de la collection, Colin Favret. Les travaux de ce dernier, sont principalement orient\u00e9s sur la phylog\u00e9nie de ce groupe d\u2019insecte parfois nuisible. Une collection exhaustive sur lames a \u00e9t\u00e9 construite pour alimenter la recherche qui s\u2019op\u00e8re au laboratoire.<\/p>\n<p><img loading=\"lazy\" decoding=\"async\" class=\"alignnone size-full wp-image-7095\" src=\"http:\/\/www.irbv.umontreal.ca\/wp-content\/uploads\/2012\/05\/qmor-pucerons.jpg\" alt=\"OLYMPUS DIGITAL CAMERA\" width=\"600\" height=\"450\" \/><\/p>\n<h3>Les abeilles (Apoides)<\/h3>\n<p>De plus en plus populaire en raison des probl\u00e9matiques qui les entourent, les abeilles sont la sp\u00e9cialit\u00e9 du coordonnateur des collections, \u00c9tienne Normandin. Au Qu\u00e9bec, il y aurait environ 350 esp\u00e8ces, mais leur diversit\u00e9 est encore peu connue. \u00c0 la collection Ouellet-Robert, l\u2019expertise et la pr\u00e9sence d\u2019une collection de r\u00e9f\u00e9rence pourront servir \u00e0 de futures recherches sur ces pollinisateurs.<\/p>\n<p><img loading=\"lazy\" decoding=\"async\" class=\"alignnone size-full wp-image-7096\" src=\"http:\/\/www.irbv.umontreal.ca\/wp-content\/uploads\/2012\/05\/qmor-abeilles.jpg\" alt=\"OLYMPUS DIGITAL CAMERA\" width=\"600\" height=\"450\" \/><\/p>\n<h3>Insectes aquatiques (Ephemeroptera, Plecoptera, Trichoptera et Diptera)<\/h3>\n<p>Pr\u00e9c\u00e9demment dirig\u00e9e par Pierre-Paul Harper et g\u00e9r\u00e9e par Louise Cloutier, la collection Ouellet-Robert poss\u00e8de une imposante section d\u2019insectes aquatiques. Ces deux chercheurs \u00e9taient tr\u00e8s investit dans la taxonomie de ces insectes au Qu\u00e9bec. D\u2019ailleurs, gr\u00e2ce \u00e0 cette expertise, plusieurs nouvelles esp\u00e8ces ont \u00e9t\u00e9 d\u00e9crites.<\/p>\n<p><img loading=\"lazy\" decoding=\"async\" class=\"alignnone size-full wp-image-7097\" src=\"http:\/\/www.irbv.umontreal.ca\/wp-content\/uploads\/2012\/05\/qmor-insecte_aqua.jpg\" alt=\"qmor-insecte_aqua\" width=\"600\" height=\"431\" \/><\/p>\n<h3>Coleoptera<\/h3>\n<p>La collection de col\u00e9opt\u00e8res est particuli\u00e8rement bien fournie puisque cet ordre \u00e9tait la sp\u00e9cialit\u00e9 des fr\u00e8res Joseph Ouellet et Adrien Robert pendant de nombreuses ann\u00e9es.<\/p>\n<p><img loading=\"lazy\" decoding=\"async\" class=\"alignnone size-full wp-image-7098\" src=\"http:\/\/www.irbv.umontreal.ca\/wp-content\/uploads\/2012\/05\/qmor-coleo.jpg\" alt=\"OLYMPUS DIGITAL CAMERA\" width=\"600\" height=\"427\" \/><\/p>\n<h3>Odonata (Libellules)<\/h3>\n<p>M\u00eame si le Fr\u00e8re Robert affectionne les col\u00e9opt\u00e8res, le groupe le plus pr\u00e8s de son c\u0153ur est celui des libellules. Depuis 1934, Adrien Robert r\u00e9colte les odonates dans les Laurentides, ces travaux culminent \u00e0 la publication de son ouvrage \u00abLes Libellules du Qu\u00e9bec\u00bb en 1963. Sa collection d\u2019odonates est toujours une r\u00e9f\u00e9rence sans pareil pour les odonatologues qu\u00e9becois.<\/p>\n<p><img loading=\"lazy\" decoding=\"async\" class=\"alignnone size-full wp-image-7099\" src=\"http:\/\/www.irbv.umontreal.ca\/wp-content\/uploads\/2012\/05\/qmor-odonata.jpg\" alt=\"OLYMPUS DIGITAL CAMERA\" width=\"600\" height=\"517\" \/><\/p>","protected":false},"excerpt":{"rendered":"<p>La collection Compos\u00e9e d\u2019environ 1 million et demi de sp\u00e9cimens, elle est parmi les plus importantes collections d\u2019insectes du Qu\u00e9bec. Les diff\u00e9rents groupes d\u2019insectes qui composent la collection sont tr\u00e8s bien achev\u00e9s dans leur ensemble. Certains groupes sont toutefois particuli\u00e8rement bien repr\u00e9sent\u00e9s. Vous pouvez consulter sur Canadensys la base de donn\u00e9es, au niveau du sp\u00e9cimen, [&hellip;]<\/p>\n","protected":false},"author":1,"featured_media":0,"parent":0,"menu_order":0,"comment_status":"closed","ping_status":"closed","template":"","meta":{"_uag_custom_page_level_css":"","footnotes":""},"class_list":["post-2435","page","type-page","status-publish","hentry"],"uagb_featured_image_src":{"full":false,"thumbnail":false,"medium":false,"medium_large":false,"large":false,"1536x1536":false,"2048x2048":false,"trp-custom-language-flag":false},"uagb_author_info":{"display_name":"Colin","author_link":"http:\/\/qmor.umontreal.ca\/en\/author\/favretc\/"},"uagb_comment_info":0,"uagb_excerpt":"La collection Compos\u00e9e d\u2019environ 1 million et demi de sp\u00e9cimens, elle est parmi les plus importantes collections d\u2019insectes du Qu\u00e9bec. Les diff\u00e9rents groupes d\u2019insectes qui composent la collection sont tr\u00e8s bien achev\u00e9s dans leur ensemble. Certains groupes sont toutefois particuli\u00e8rement bien repr\u00e9sent\u00e9s. Vous pouvez consulter sur Canadensys la base de donn\u00e9es, au niveau du sp\u00e9cimen,&hellip;","_links":{"self":[{"href":"http:\/\/qmor.umontreal.ca\/en\/wp-json\/wp\/v2\/pages\/2435","targetHints":{"allow":["GET"]}}],"collection":[{"href":"http:\/\/qmor.umontreal.ca\/en\/wp-json\/wp\/v2\/pages"}],"about":[{"href":"http:\/\/qmor.umontreal.ca\/en\/wp-json\/wp\/v2\/types\/page"}],"author":[{"embeddable":true,"href":"http:\/\/qmor.umontreal.ca\/en\/wp-json\/wp\/v2\/users\/1"}],"replies":[{"embeddable":true,"href":"http:\/\/qmor.umontreal.ca\/en\/wp-json\/wp\/v2\/comments?post=2435"}],"version-history":[{"count":4,"href":"http:\/\/qmor.umontreal.ca\/en\/wp-json\/wp\/v2\/pages\/2435\/revisions"}],"predecessor-version":[{"id":4057,"href":"http:\/\/qmor.umontreal.ca\/en\/wp-json\/wp\/v2\/pages\/2435\/revisions\/4057"}],"wp:attachment":[{"href":"http:\/\/qmor.umontreal.ca\/en\/wp-json\/wp\/v2\/media?parent=2435"}],"curies":[{"name":"wp","href":"https:\/\/api.w.org\/{rel}","templated":true}]}}