{"id":3351,"date":"2020-03-18T14:24:21","date_gmt":"2020-03-18T18:24:21","guid":{"rendered":"http:\/\/qmor.umontreal.ca\/?page_id=3351"},"modified":"2023-05-28T16:43:16","modified_gmt":"2023-05-28T20:43:16","slug":"historique-de-la-collection","status":"publish","type":"page","link":"http:\/\/qmor.umontreal.ca\/en\/historique-de-la-collection\/","title":{"rendered":"Historique de la collection"},"content":{"rendered":"<div class=\"wp-block-group is-layout-flow wp-block-group-is-layout-flow\">\n<p style=\"text-align: justify;\"><strong>Gustave Chagnon \u2020<\/strong>: 1930 &#8211;&nbsp; <strong>Joseph Ouellet \u2020<\/strong>: 1935 \u00e0 1942 &#8211; <strong>Adrien Robert \u2020<\/strong>: 1946 \u00e0 1964 &#8211; <strong>Monique Coulloudon<\/strong>: 1960 \u00e0 1989 &#8211; <strong>Jean-Guy Pilon<\/strong>: 1973-06 \u00e0 1975-05 &#8211; <strong>Pierre-Paul Harper \u2020<\/strong>: 1975-06 \u00e0 2004 &#8211; <strong>Louise Cloutier<\/strong>: 1989-12 \u00e0 2015-03 &#8211; <strong>Colin Favret<\/strong>: 2012-01 \u00e0 aujourd&rsquo;hui &#8211; <strong>\u00c9tienne Normandin<\/strong>: 2015-05 \u00e0 aujourd&rsquo;hui.<\/p>\n<p><\/p>\n<\/div>\n\n\n<p style=\"text-align: justify;\">L\u2019enseignement de l\u2019entomologie au D\u00e9partement de sciences biologiques de l\u2019Universit\u00e9 de Montr\u00e9al remonte aux ann\u00e9es 1930\u2019. Gustave Chagnon, un entomologiste amateur passionn\u00e9 par les papillons et les scarab\u00e9es, assure les premiers cours (1931-1950). \u00c0 cet effet, il monte une premi\u00e8re collection entomologique p\u00e9dagogique pour les \u00e9tudiants. Le Fr\u00e8re Joseph Ouellet, retrait\u00e9 de l\u2019enseignement \u00e0 l\u2019Institution des Sourds-Muets et sp\u00e9cialiste des Dipt\u00e8res (mouches), se joint \u00e0 lui et est en charge des travaux pratiques (1935-1942).<\/p>\n<figure id=\"attachment_4259\" aria-describedby=\"caption-attachment-4259\" style=\"width: 300px\" class=\"wp-caption aligncenter\"><a href=\"https:\/\/qmor.umontreal.ca\/wp-content\/uploads\/2020\/03\/Chagnon-1.jpg\"><img loading=\"lazy\" decoding=\"async\" class=\"wp-image-4259 size-medium\" src=\"https:\/\/qmor.umontreal.ca\/wp-content\/uploads\/2020\/03\/Chagnon-1-300x217.jpg\" alt=\"\" width=\"300\" height=\"217\" srcset=\"https:\/\/qmor.umontreal.ca\/wp-content\/uploads\/2020\/03\/Chagnon-1-300x217.jpg 300w, https:\/\/qmor.umontreal.ca\/wp-content\/uploads\/2020\/03\/Chagnon-1-768x555.jpg 768w, https:\/\/qmor.umontreal.ca\/wp-content\/uploads\/2020\/03\/Chagnon-1-374x270.jpg 374w, https:\/\/qmor.umontreal.ca\/wp-content\/uploads\/2020\/03\/Chagnon-1.jpg 1024w\" sizes=\"auto, (max-width: 300px) 100vw, 300px\" \/><\/a><figcaption id=\"caption-attachment-4259\" class=\"wp-caption-text\">M. Chagnon \u00e0 son bureau<\/figcaption><\/figure>\n<p>\u00a0<\/p>\n<figure id=\"attachment_4257\" aria-describedby=\"caption-attachment-4257\" style=\"width: 300px\" class=\"wp-caption aligncenter\"><a href=\"https:\/\/qmor.umontreal.ca\/wp-content\/uploads\/2020\/03\/Chagnon-2.jpg\"><img loading=\"lazy\" decoding=\"async\" class=\"wp-image-4257 size-medium\" src=\"https:\/\/qmor.umontreal.ca\/wp-content\/uploads\/2020\/03\/Chagnon-2-300x223.jpg\" alt=\"\" width=\"300\" height=\"223\" srcset=\"https:\/\/qmor.umontreal.ca\/wp-content\/uploads\/2020\/03\/Chagnon-2-300x223.jpg 300w, https:\/\/qmor.umontreal.ca\/wp-content\/uploads\/2020\/03\/Chagnon-2-768x570.jpg 768w, https:\/\/qmor.umontreal.ca\/wp-content\/uploads\/2020\/03\/Chagnon-2-364x270.jpg 364w, https:\/\/qmor.umontreal.ca\/wp-content\/uploads\/2020\/03\/Chagnon-2.jpg 1024w\" sizes=\"auto, (max-width: 300px) 100vw, 300px\" \/><\/a><figcaption id=\"caption-attachment-4257\" class=\"wp-caption-text\">M. Chagnon avec des coll\u00e8gues<\/figcaption><\/figure>\n<p>\u00a0<\/p>\n<figure id=\"attachment_4258\" aria-describedby=\"caption-attachment-4258\" style=\"width: 300px\" class=\"wp-caption aligncenter\"><a href=\"https:\/\/qmor.umontreal.ca\/wp-content\/uploads\/2020\/03\/Chagnon-2-2.jpg\"><img loading=\"lazy\" decoding=\"async\" class=\"size-medium wp-image-4258\" src=\"https:\/\/qmor.umontreal.ca\/wp-content\/uploads\/2020\/03\/Chagnon-2-2-300x198.jpg\" alt=\"\" width=\"300\" height=\"198\" srcset=\"https:\/\/qmor.umontreal.ca\/wp-content\/uploads\/2020\/03\/Chagnon-2-2-300x198.jpg 300w, https:\/\/qmor.umontreal.ca\/wp-content\/uploads\/2020\/03\/Chagnon-2-2-768x506.jpg 768w, https:\/\/qmor.umontreal.ca\/wp-content\/uploads\/2020\/03\/Chagnon-2-2-410x270.jpg 410w, https:\/\/qmor.umontreal.ca\/wp-content\/uploads\/2020\/03\/Chagnon-2-2.jpg 1024w\" sizes=\"auto, (max-width: 300px) 100vw, 300px\" \/><\/a><figcaption id=\"caption-attachment-4258\" class=\"wp-caption-text\">Les chasses dimanchoises<\/figcaption><\/figure>\n<p>\u00a0<\/p>\n<figure id=\"attachment_4244\" aria-describedby=\"caption-attachment-4244\" style=\"width: 251px\" class=\"wp-caption aligncenter\"><a href=\"https:\/\/qmor.umontreal.ca\/wp-content\/uploads\/2020\/03\/download.jpeg\"><img loading=\"lazy\" decoding=\"async\" class=\"size-full wp-image-4244\" src=\"https:\/\/qmor.umontreal.ca\/wp-content\/uploads\/2020\/03\/download.jpeg\" alt=\"\" width=\"251\" height=\"201\" \/><\/a><figcaption id=\"caption-attachment-4244\" class=\"wp-caption-text\">Fr\u00e8re Ouellet \u00e0 son bureau<\/figcaption><\/figure>\n<p style=\"text-align: justify;\">En 1946, le Fr\u00e8re Adrien Robert entre en fonction et devient le premier entomologiste professionnel \u00e0 \u0153uvrer au D\u00e9partement. Sa th\u00e8se de doctorat (1953) porte sur les insectes associ\u00e9s \u00e0 la maladie hollandaise de l\u2019orme. Comme les entomologistes de ce temps, il s\u2019int\u00e9resse \u00e0 plusieurs groupes d\u2019insectes dont les scarab\u00e9es, libellules et demoiselles, punaises, phryganes, et puces. Il publie de nombreux articles scientifiques et de vulgarisation pour les clubs de jeunes naturalistes ainsi qu\u2019un livre sur les libellules du Qu\u00e9bec, document qui a longtemps \u00e9t\u00e9 la r\u00e9f\u00e9rence pour la faune locale.<\/p>\n<figure id=\"attachment_4248\" aria-describedby=\"caption-attachment-4248\" style=\"width: 232px\" class=\"wp-caption alignnone\"><a href=\"https:\/\/qmor.umontreal.ca\/wp-content\/uploads\/2020\/03\/FrRobert-5.jpg\"><img loading=\"lazy\" decoding=\"async\" class=\"size-medium wp-image-4248\" src=\"https:\/\/qmor.umontreal.ca\/wp-content\/uploads\/2020\/03\/FrRobert-5-232x300.jpg\" alt=\"\" width=\"232\" height=\"300\" srcset=\"https:\/\/qmor.umontreal.ca\/wp-content\/uploads\/2020\/03\/FrRobert-5-232x300.jpg 232w, https:\/\/qmor.umontreal.ca\/wp-content\/uploads\/2020\/03\/FrRobert-5-209x270.jpg 209w, https:\/\/qmor.umontreal.ca\/wp-content\/uploads\/2020\/03\/FrRobert-5.jpg 595w\" sizes=\"auto, (max-width: 232px) 100vw, 232px\" \/><\/a><figcaption id=\"caption-attachment-4248\" class=\"wp-caption-text\">Portrait du Fr\u00e8re Robert<\/figcaption><\/figure>\n<p>\u00a0<\/p>\n<figure id=\"attachment_4247\" aria-describedby=\"caption-attachment-4247\" style=\"width: 300px\" class=\"wp-caption alignnone\"><a href=\"https:\/\/qmor.umontreal.ca\/wp-content\/uploads\/2020\/03\/FrRobert-6.jpg\"><img loading=\"lazy\" decoding=\"async\" class=\"size-medium wp-image-4247\" src=\"https:\/\/qmor.umontreal.ca\/wp-content\/uploads\/2020\/03\/FrRobert-6-300x208.jpg\" alt=\"\" width=\"300\" height=\"208\" srcset=\"https:\/\/qmor.umontreal.ca\/wp-content\/uploads\/2020\/03\/FrRobert-6-300x208.jpg 300w, https:\/\/qmor.umontreal.ca\/wp-content\/uploads\/2020\/03\/FrRobert-6-768x533.jpg 768w, https:\/\/qmor.umontreal.ca\/wp-content\/uploads\/2020\/03\/FrRobert-6-389x270.jpg 389w, https:\/\/qmor.umontreal.ca\/wp-content\/uploads\/2020\/03\/FrRobert-6.jpg 1024w\" sizes=\"auto, (max-width: 300px) 100vw, 300px\" \/><\/a><figcaption id=\"caption-attachment-4247\" class=\"wp-caption-text\">Adrien Robert au binoculaire<\/figcaption><\/figure>\n<p>\u00a0<\/p>\n<figure id=\"attachment_4252\" aria-describedby=\"caption-attachment-4252\" style=\"width: 300px\" class=\"wp-caption alignnone\"><a href=\"https:\/\/qmor.umontreal.ca\/wp-content\/uploads\/2020\/03\/Adrien-Robert-1962-at-SBL-scaled.jpg\"><img loading=\"lazy\" decoding=\"async\" class=\"size-medium wp-image-4252\" src=\"https:\/\/qmor.umontreal.ca\/wp-content\/uploads\/2020\/03\/Adrien-Robert-1962-at-SBL-300x210.jpg\" alt=\"\" width=\"300\" height=\"210\" srcset=\"https:\/\/qmor.umontreal.ca\/wp-content\/uploads\/2020\/03\/Adrien-Robert-1962-at-SBL-300x210.jpg 300w, https:\/\/qmor.umontreal.ca\/wp-content\/uploads\/2020\/03\/Adrien-Robert-1962-at-SBL-1024x716.jpg 1024w, https:\/\/qmor.umontreal.ca\/wp-content\/uploads\/2020\/03\/Adrien-Robert-1962-at-SBL-768x537.jpg 768w, https:\/\/qmor.umontreal.ca\/wp-content\/uploads\/2020\/03\/Adrien-Robert-1962-at-SBL-1536x1074.jpg 1536w, https:\/\/qmor.umontreal.ca\/wp-content\/uploads\/2020\/03\/Adrien-Robert-1962-at-SBL-2048x1432.jpg 2048w, https:\/\/qmor.umontreal.ca\/wp-content\/uploads\/2020\/03\/Adrien-Robert-1962-at-SBL-386x270.jpg 386w\" sizes=\"auto, (max-width: 300px) 100vw, 300px\" \/><\/a><figcaption id=\"caption-attachment-4252\" class=\"wp-caption-text\">Adrien Robert \u00e0 la station de biologie<\/figcaption><\/figure>\n<p style=\"text-align: justify;\">\u00c0 la mort du Fr\u00e8re Robert en 1964, sa collection et celle du Fr\u00e8re Ouellet sont c\u00e9d\u00e9es \u00e0 l\u2019Universit\u00e9 par leur communaut\u00e9 des Clercs de Saint-Viateur. Elles forment le corpus premier de la Collection Ouellet-Robert qui sera ainsi nomm\u00e9e en 1984. Ce mat\u00e9riel gagne en importance car ces deux entomologistes \u00e9taient des collectionneurs infatigables. Durant les vacances estivales, ils visitent les institutions des Clercs ainsi que la Station de biologie de Saint-Hippolyte (aujourd\u2019hui nomm\u00e9e la Station de biologie des Laurentides) et celle du lac Monroe (Parc du Mont-Tremblant). Dans les institutions d\u2019enseignement des Clercs et d\u2019autres communaut\u00e9s, ils montent des collections parall\u00e8les afin d\u2019occuper les jeunes qui sortent que deux fois l\u2019an du coll\u00e8ge. Ces collections secondaires sont revenues et ont \u00e9t\u00e9 int\u00e9gr\u00e9es \u00e0 fur et \u00e0 mesure \u00e0 la Collection Ouellet-Robert. Il faut se rendre compte qu\u2019\u00e0 cette \u00e9poque, les clubs de jeunes naturalistes favorisent le d\u00e9veloppement des sciences naturelles. Ainsi, plusieurs des entomologistes qu\u00e9b\u00e9cois ont vu na\u00eetre leur vocation dans ces lieux.<\/p>\n<p style=\"text-align: justify;\">Fr\u00e8re Robert sera assist\u00e9 par Monique Coulloudon qui assure la partie technique du travail et de l\u2019int\u00e9gration du mat\u00e9riel, principalement des insectes sur \u00e9pingle. On lui doit le montage d\u2019une grande partie des tiroirs entomologiques de la Collection. Elle reste en poste jusqu\u2019en 1989.<\/p>\n<figure id=\"attachment_4256\" aria-describedby=\"caption-attachment-4256\" style=\"width: 210px\" class=\"wp-caption alignnone\"><a href=\"https:\/\/qmor.umontreal.ca\/wp-content\/uploads\/2020\/03\/img046-1971-by-Louis-Handfield-scaled.jpg\"><img loading=\"lazy\" decoding=\"async\" class=\"size-medium wp-image-4256\" src=\"https:\/\/qmor.umontreal.ca\/wp-content\/uploads\/2020\/03\/img046-1971-by-Louis-Handfield-210x300.jpg\" alt=\"\" width=\"210\" height=\"300\" srcset=\"https:\/\/qmor.umontreal.ca\/wp-content\/uploads\/2020\/03\/img046-1971-by-Louis-Handfield-210x300.jpg 210w, https:\/\/qmor.umontreal.ca\/wp-content\/uploads\/2020\/03\/img046-1971-by-Louis-Handfield-716x1024.jpg 716w, https:\/\/qmor.umontreal.ca\/wp-content\/uploads\/2020\/03\/img046-1971-by-Louis-Handfield-768x1098.jpg 768w, https:\/\/qmor.umontreal.ca\/wp-content\/uploads\/2020\/03\/img046-1971-by-Louis-Handfield-1075x1536.jpg 1075w, https:\/\/qmor.umontreal.ca\/wp-content\/uploads\/2020\/03\/img046-1971-by-Louis-Handfield-1433x2048.jpg 1433w, https:\/\/qmor.umontreal.ca\/wp-content\/uploads\/2020\/03\/img046-1971-by-Louis-Handfield-189x270.jpg 189w, https:\/\/qmor.umontreal.ca\/wp-content\/uploads\/2020\/03\/img046-1971-by-Louis-Handfield-scaled.jpg 1791w\" sizes=\"auto, (max-width: 210px) 100vw, 210px\" \/><\/a><figcaption id=\"caption-attachment-4256\" class=\"wp-caption-text\">Monique Coulloudon au laboratoire<\/figcaption><\/figure>\n<p>\u00a0<\/p>\n<figure id=\"attachment_4254\" aria-describedby=\"caption-attachment-4254\" style=\"width: 300px\" class=\"wp-caption alignnone\"><a href=\"https:\/\/qmor.umontreal.ca\/wp-content\/uploads\/2020\/03\/img044-1977-scaled.jpg\"><img loading=\"lazy\" decoding=\"async\" class=\"size-medium wp-image-4254\" src=\"https:\/\/qmor.umontreal.ca\/wp-content\/uploads\/2020\/03\/img044-1977-300x214.jpg\" alt=\"\" width=\"300\" height=\"214\" srcset=\"https:\/\/qmor.umontreal.ca\/wp-content\/uploads\/2020\/03\/img044-1977-300x214.jpg 300w, https:\/\/qmor.umontreal.ca\/wp-content\/uploads\/2020\/03\/img044-1977-1024x730.jpg 1024w, https:\/\/qmor.umontreal.ca\/wp-content\/uploads\/2020\/03\/img044-1977-768x547.jpg 768w, https:\/\/qmor.umontreal.ca\/wp-content\/uploads\/2020\/03\/img044-1977-1536x1094.jpg 1536w, https:\/\/qmor.umontreal.ca\/wp-content\/uploads\/2020\/03\/img044-1977-2048x1459.jpg 2048w, https:\/\/qmor.umontreal.ca\/wp-content\/uploads\/2020\/03\/img044-1977-379x270.jpg 379w\" sizes=\"auto, (max-width: 300px) 100vw, 300px\" \/><\/a><figcaption id=\"caption-attachment-4254\" class=\"wp-caption-text\">Mme Coulloudon dans la collection<\/figcaption><\/figure>\n<p style=\"text-align: justify;\">\u00c0 la mort du Fr\u00e8re Robert, Jean-Guy Pilon, jeune professeur au D\u00e9partement, prend la rel\u00e8ve de la direction de la Collection. En 1971, lors de son entr\u00e9e en fonction, Pierre-Paul Harper remplace M. Pilon et il demeure au poste de conservateur au-del\u00e0 de sa retraite en 2004. Il assure l\u2019int\u00e9rim jusqu\u2019\u00e0 l\u2019emploiement de Colin Favret en 2012.<\/p>\n<p style=\"text-align: justify;\">Pierre-Paul Harper a lui aussi la passion de collectionner et de parcourir le territoire. Il inventorie, ann\u00e9e apr\u00e8s ann\u00e9e, la faune aquatique du Qu\u00e9bec et des provinces de l\u2019est. Les collections d\u2019insectes aquatiques se sont grandement agrandies \u00e0 cette \u00e9poque gr\u00e2ce \u00e0 ses campagnes d\u2019\u00e9chantillonnage.<\/p>\n<figure id=\"attachment_4253\" aria-describedby=\"caption-attachment-4253\" style=\"width: 300px\" class=\"wp-caption alignnone\"><a href=\"https:\/\/qmor.umontreal.ca\/wp-content\/uploads\/2020\/03\/Peter-collection-scaled.jpg\"><img loading=\"lazy\" decoding=\"async\" class=\"size-medium wp-image-4253\" src=\"https:\/\/qmor.umontreal.ca\/wp-content\/uploads\/2020\/03\/Peter-collection-300x201.jpg\" alt=\"\" width=\"300\" height=\"201\" srcset=\"https:\/\/qmor.umontreal.ca\/wp-content\/uploads\/2020\/03\/Peter-collection-300x201.jpg 300w, https:\/\/qmor.umontreal.ca\/wp-content\/uploads\/2020\/03\/Peter-collection-1024x685.jpg 1024w, https:\/\/qmor.umontreal.ca\/wp-content\/uploads\/2020\/03\/Peter-collection-768x514.jpg 768w, https:\/\/qmor.umontreal.ca\/wp-content\/uploads\/2020\/03\/Peter-collection-1536x1027.jpg 1536w, https:\/\/qmor.umontreal.ca\/wp-content\/uploads\/2020\/03\/Peter-collection-2048x1369.jpg 2048w, https:\/\/qmor.umontreal.ca\/wp-content\/uploads\/2020\/03\/Peter-collection-404x270.jpg 404w\" sizes=\"auto, (max-width: 300px) 100vw, 300px\" \/><\/a><figcaption id=\"caption-attachment-4253\" class=\"wp-caption-text\">Pierre-Paul Harper<\/figcaption><\/figure>\n<p>\u00a0<\/p>\n<figure id=\"attachment_4260\" aria-describedby=\"caption-attachment-4260\" style=\"width: 216px\" class=\"wp-caption alignnone\"><a href=\"https:\/\/qmor.umontreal.ca\/wp-content\/uploads\/2020\/03\/020422_CloutierHarper.gif\"><img loading=\"lazy\" decoding=\"async\" class=\"size-full wp-image-4260\" src=\"https:\/\/qmor.umontreal.ca\/wp-content\/uploads\/2020\/03\/020422_CloutierHarper.gif\" alt=\"\" width=\"216\" height=\"175\" \/><\/a><figcaption id=\"caption-attachment-4260\" class=\"wp-caption-text\">Pierre-Paul Harper et Louise Cloutier<\/figcaption><\/figure>\n<p>\u00a0<\/p>\n<figure id=\"attachment_4261\" aria-describedby=\"caption-attachment-4261\" style=\"width: 252px\" class=\"wp-caption alignnone\"><a href=\"https:\/\/qmor.umontreal.ca\/wp-content\/uploads\/2020\/03\/20060918_Cloutier.jpg\"><img loading=\"lazy\" decoding=\"async\" class=\"size-full wp-image-4261\" src=\"https:\/\/qmor.umontreal.ca\/wp-content\/uploads\/2020\/03\/20060918_Cloutier.jpg\" alt=\"\" width=\"252\" height=\"168\" \/><\/a><figcaption id=\"caption-attachment-4261\" class=\"wp-caption-text\">Louise Cloutier, coordonnatrice de la collection<\/figcaption><\/figure>\n<p style=\"text-align: justify;\">Dans les ann\u00e9es 1970\u2019, l\u2019entomologie occupe une place importante au D\u00e9partement. Trois professeurs, Jacques-Lucien Auclair, Jean-Guy Pilon et Pierre-Paul Harper, sont dynamiques et supervisent de nombreux \u00e9tudiants \u00e0 la ma\u00eetrise et au doctorat. Le mat\u00e9riel utilis\u00e9 dans ces projets de recherche est d\u00e9pos\u00e9 \u00e0 la Collection et c\u2019est principalement les Odonates et les autres insectes aquatiques qui en b\u00e9n\u00e9ficient. Tous les aspects de l\u2019entomologie sont trait\u00e9s dans les cours, \u00e0 tous niveaux\u00a0: la taxonomie, la morphologie, la physiologie, et l\u2019entomologie \u00e9conomique \u00e9taient offerts dans le cursus de l\u2019\u00e9poque.<\/p>\n<p style=\"text-align: justify;\">Un moment de flou quant au devenir de la Collection se produit lors de la retraite de Monique Coulloudon, \u00e0 savoir si le D\u00e9partement maintient les investissements n\u00e9cessaires \u00e0 sa survie et son d\u00e9veloppement. En 1989, un poste de professionnel est cr\u00e9\u00e9 et Louise Cloutier entre en fonction jusqu\u2019\u00e0 sa retraite en 2015. Depuis, \u00c9tienne Normandin a pris la rel\u00e8ve.<\/p>\n<p style=\"text-align: justify;\">En 2012, la Collection passe \u00e0 l\u2019\u00e8re moderne. Elle est d\u00e9m\u00e9nag\u00e9e au Centre sur la Biodiversit\u00e9 sur le site du Jardin botanique de Montr\u00e9al. Des locaux modernes offrent des conditions id\u00e9ales de conservation et des espaces favorisant l\u2019expansion de la Collection. La venue de Colin Favret et d\u2019\u00c9tienne Normandin assure la relance avec un d\u00e9veloppement de l\u2019informatisation de la Collection. La participation au r\u00e9seau pancanadien Canadensys de donn\u00e9es sur la biodiversit\u00e9 accro\u00eet sa visibilit\u00e9.<\/p>\n<p>\u00a0<\/p>\n<figure id=\"attachment_4267\" aria-describedby=\"caption-attachment-4267\" style=\"width: 254px\" class=\"wp-caption aligncenter\"><a href=\"https:\/\/qmor.umontreal.ca\/wp-content\/uploads\/2020\/03\/16403239_1750644684960920_6015624322666392783_o.jpg\"><img loading=\"lazy\" decoding=\"async\" class=\"wp-image-4267\" src=\"https:\/\/qmor.umontreal.ca\/wp-content\/uploads\/2020\/03\/16403239_1750644684960920_6015624322666392783_o-300x300.jpg\" alt=\"\" width=\"254\" height=\"254\" srcset=\"https:\/\/qmor.umontreal.ca\/wp-content\/uploads\/2020\/03\/16403239_1750644684960920_6015624322666392783_o-300x300.jpg 300w, https:\/\/qmor.umontreal.ca\/wp-content\/uploads\/2020\/03\/16403239_1750644684960920_6015624322666392783_o-150x150.jpg 150w, https:\/\/qmor.umontreal.ca\/wp-content\/uploads\/2020\/03\/16403239_1750644684960920_6015624322666392783_o-768x768.jpg 768w, https:\/\/qmor.umontreal.ca\/wp-content\/uploads\/2020\/03\/16403239_1750644684960920_6015624322666392783_o-270x270.jpg 270w, https:\/\/qmor.umontreal.ca\/wp-content\/uploads\/2020\/03\/16403239_1750644684960920_6015624322666392783_o.jpg 960w\" sizes=\"auto, (max-width: 254px) 100vw, 254px\" \/><\/a><figcaption id=\"caption-attachment-4267\" class=\"wp-caption-text\">Colin Favret, directeur actuel<\/figcaption><\/figure>\n<p>\u00a0<\/p>\n<figure id=\"attachment_4268\" aria-describedby=\"caption-attachment-4268\" style=\"width: 250px\" class=\"wp-caption aligncenter\"><a href=\"https:\/\/qmor.umontreal.ca\/wp-content\/uploads\/2020\/03\/60795125_10157640917347214_5084677692855418880_n-1.jpg\"><img loading=\"lazy\" decoding=\"async\" class=\"wp-image-4268\" src=\"https:\/\/qmor.umontreal.ca\/wp-content\/uploads\/2020\/03\/60795125_10157640917347214_5084677692855418880_n-1-300x300.jpg\" alt=\"\" width=\"250\" height=\"250\" srcset=\"https:\/\/qmor.umontreal.ca\/wp-content\/uploads\/2020\/03\/60795125_10157640917347214_5084677692855418880_n-1-300x300.jpg 300w, https:\/\/qmor.umontreal.ca\/wp-content\/uploads\/2020\/03\/60795125_10157640917347214_5084677692855418880_n-1-150x150.jpg 150w, https:\/\/qmor.umontreal.ca\/wp-content\/uploads\/2020\/03\/60795125_10157640917347214_5084677692855418880_n-1-270x270.jpg 270w, https:\/\/qmor.umontreal.ca\/wp-content\/uploads\/2020\/03\/60795125_10157640917347214_5084677692855418880_n-1.jpg 687w\" sizes=\"auto, (max-width: 250px) 100vw, 250px\" \/><\/a><figcaption id=\"caption-attachment-4268\" class=\"wp-caption-text\">\u00c9tienne Normandin, coordonnateur actuel<\/figcaption><\/figure>","protected":false},"excerpt":{"rendered":"<p>Gustave Chagnon \u2020: 1930 &#8211;&nbsp; Joseph Ouellet \u2020: 1935 \u00e0 1942 &#8211; Adrien Robert \u2020: 1946 \u00e0 1964 &#8211; Monique Coulloudon: 1960 \u00e0 1989 &#8211; Jean-Guy Pilon: 1973-06 \u00e0 1975-05 &#8211; Pierre-Paul Harper \u2020: 1975-06 \u00e0 2004 &#8211; Louise Cloutier: 1989-12 \u00e0 2015-03 &#8211; Colin Favret: 2012-01 \u00e0 aujourd&rsquo;hui &#8211; \u00c9tienne Normandin: 2015-05 \u00e0 aujourd&rsquo;hui. [&hellip;]<\/p>\n","protected":false},"author":1,"featured_media":0,"parent":0,"menu_order":0,"comment_status":"closed","ping_status":"closed","template":"","meta":{"_uag_custom_page_level_css":"","footnotes":""},"class_list":["post-3351","page","type-page","status-publish","hentry"],"uagb_featured_image_src":{"full":false,"thumbnail":false,"medium":false,"medium_large":false,"large":false,"1536x1536":false,"2048x2048":false,"trp-custom-language-flag":false},"uagb_author_info":{"display_name":"Colin","author_link":"http:\/\/qmor.umontreal.ca\/en\/author\/favretc\/"},"uagb_comment_info":0,"uagb_excerpt":"Gustave Chagnon \u2020: 1930 &#8211;&nbsp; Joseph Ouellet \u2020: 1935 \u00e0 1942 &#8211; Adrien Robert \u2020: 1946 \u00e0 1964 &#8211; Monique Coulloudon: 1960 \u00e0 1989 &#8211; Jean-Guy Pilon: 1973-06 \u00e0 1975-05 &#8211; Pierre-Paul Harper \u2020: 1975-06 \u00e0 2004 &#8211; Louise Cloutier: 1989-12 \u00e0 2015-03 &#8211; Colin Favret: 2012-01 \u00e0 aujourd&rsquo;hui &#8211; \u00c9tienne Normandin: 2015-05 \u00e0 aujourd&rsquo;hui.&hellip;","_links":{"self":[{"href":"http:\/\/qmor.umontreal.ca\/en\/wp-json\/wp\/v2\/pages\/3351","targetHints":{"allow":["GET"]}}],"collection":[{"href":"http:\/\/qmor.umontreal.ca\/en\/wp-json\/wp\/v2\/pages"}],"about":[{"href":"http:\/\/qmor.umontreal.ca\/en\/wp-json\/wp\/v2\/types\/page"}],"author":[{"embeddable":true,"href":"http:\/\/qmor.umontreal.ca\/en\/wp-json\/wp\/v2\/users\/1"}],"replies":[{"embeddable":true,"href":"http:\/\/qmor.umontreal.ca\/en\/wp-json\/wp\/v2\/comments?post=3351"}],"version-history":[{"count":15,"href":"http:\/\/qmor.umontreal.ca\/en\/wp-json\/wp\/v2\/pages\/3351\/revisions"}],"predecessor-version":[{"id":7292,"href":"http:\/\/qmor.umontreal.ca\/en\/wp-json\/wp\/v2\/pages\/3351\/revisions\/7292"}],"wp:attachment":[{"href":"http:\/\/qmor.umontreal.ca\/en\/wp-json\/wp\/v2\/media?parent=3351"}],"curies":[{"name":"wp","href":"https:\/\/api.w.org\/{rel}","templated":true}]}}