{"id":4162,"date":"2019-05-30T13:46:09","date_gmt":"2019-05-30T17:46:09","guid":{"rendered":"http:\/\/qmor.umontreal.ca\/?page_id=4162"},"modified":"2026-05-13T13:28:15","modified_gmt":"2026-05-13T17:28:15","slug":"devenir-benevole","status":"publish","type":"page","link":"http:\/\/qmor.umontreal.ca\/en\/devenir-benevole\/","title":{"rendered":"Devenir b\u00e9n\u00e9vole"},"content":{"rendered":"<p>Vous voulez devenir b\u00e9n\u00e9vole pour la collection d\u2019insectes de l\u2019UdeM? Envoyer une demande au coordonnateur \u00e0 l\u2019adresse suivante&nbsp;:&nbsp;<a href=\"mailto:qmor.umontreal@gmail.com\">qmor.umontreal@gmail.com<\/a><\/p>\n\n\n\n<div class=\"wp-block-uagb-container uagb-block-9302ff0b default uagb-is-root-container\">\t\t\t\t\t<div\n\t\t\t\t\t\tclass=\"wp-block-uagb-image-gallery uagb-block-1f5f87a4 aligncenter\"\n\t\t\t\t\t\tstyle=\"\"\n\t\t\t\t\t>\n\t\t\t\t\t\t\t\t\t\t\t<div class=\"spectra-image-gallery spectra-image-gallery__layout--grid spectra-image-gallery__layout--grid-col-2 spectra-image-gallery__layout--grid-col-tab-2 spectra-image-gallery__layout--grid-col-mob-2\">\n\t\t\t\t\t\t\t\t\t\t\t<div class='spectra-image-gallery__media-wrapper' data-spectra-gallery-image-id='4164' tabindex=\"0\">\n\t\t\t\t\t\t\t<div class=\"spectra-image-gallery__media spectra-image-gallery__media--grid\">\n\t\t\t\t<picture>\n\t\t\t\t\t<source media=\"(min-width: 1024px)\" srcset=\"https:\/\/qmor.umontreal.ca\/wp-content\/uploads\/2019\/05\/42211739_10157022738247214_7436883838942314496_n-1.jpg\">\n\t\t\t\t\t<source media=\"(min-width: 768px)\" srcset=\"https:\/\/qmor.umontreal.ca\/wp-content\/uploads\/2019\/05\/42211739_10157022738247214_7436883838942314496_n-1.jpg\">\n\t\t\t\t\t<img decoding=\"async\" class=\"spectra-image-gallery__media-thumbnail spectra-image-gallery__media-thumbnail--grid\" src=\"https:\/\/qmor.umontreal.ca\/wp-content\/uploads\/2019\/05\/42211739_10157022738247214_7436883838942314496_n-1.jpg\" alt=\"\" loading=\"lazy\" \/>\n\t\t\t\t<\/picture>\n\t\t\t\t<div class=\"spectra-image-gallery__media-thumbnail-blurrer\"><\/div>\n\t\t\t\t\t\t\t\t\t\t\t<div class=\"spectra-image-gallery__media-thumbnail-caption-wrapper spectra-image-gallery__media-thumbnail-caption-wrapper--overlay\"><\/div>\n\t\t\t\t\t\t\t\t<\/div>\n\t\t\t\t\t\t<\/div>\n\t\t\t\t\t\t<div class='spectra-image-gallery__media-wrapper' data-spectra-gallery-image-id='4165' tabindex=\"0\">\n\t\t\t\t\t\t\t<div class=\"spectra-image-gallery__media spectra-image-gallery__media--grid\">\n\t\t\t\t<picture>\n\t\t\t\t\t<source media=\"(min-width: 1024px)\" srcset=\"https:\/\/qmor.umontreal.ca\/wp-content\/uploads\/2019\/05\/50005794_1194383464059414_5323527416960778240_n.jpg\">\n\t\t\t\t\t<source media=\"(min-width: 768px)\" srcset=\"https:\/\/qmor.umontreal.ca\/wp-content\/uploads\/2019\/05\/50005794_1194383464059414_5323527416960778240_n.jpg\">\n\t\t\t\t\t<img decoding=\"async\" class=\"spectra-image-gallery__media-thumbnail spectra-image-gallery__media-thumbnail--grid\" src=\"https:\/\/qmor.umontreal.ca\/wp-content\/uploads\/2019\/05\/50005794_1194383464059414_5323527416960778240_n.jpg\" alt=\"\" loading=\"lazy\" \/>\n\t\t\t\t<\/picture>\n\t\t\t\t<div class=\"spectra-image-gallery__media-thumbnail-blurrer\"><\/div>\n\t\t\t\t\t\t\t\t\t\t\t<div class=\"spectra-image-gallery__media-thumbnail-caption-wrapper spectra-image-gallery__media-thumbnail-caption-wrapper--overlay\"><\/div>\n\t\t\t\t\t\t\t\t<\/div>\n\t\t\t\t\t\t<\/div>\n\t\t\t\t\t\t\t\t\t\t<\/div>\n\t\t\t\t\t\t\t\t\t\t\t\t\t\t\t\t\t\t<\/div>\n\t\t\t\t\t\t\t\t\t<\/div>\n\n\n\n<div class=\"wp-block-group is-vertical is-layout-flex wp-container-core-group-is-layout-b5b952dd wp-block-group-is-layout-flex\" style=\"padding-top:var(--wp--preset--spacing--30);padding-bottom:var(--wp--preset--spacing--30)\">\n<p>La collection\nOuellet-Robert de l\u2019Universit\u00e9 de Montr\u00e9al est l\u2019une des plus importantes\ncollections d\u2019insectes au Canada. Afin de pr\u00e9server la valeur scientifique et\nhistorique des sp\u00e9cimens qui y sont h\u00e9berg\u00e9s, une grande partie de la\ncollection doit \u00eatre reconserv\u00e9e et num\u00e9ris\u00e9e. Ainsi, nous avons besoin de l\u2019aide\nde b\u00e9n\u00e9voles int\u00e9ress\u00e9s afin d\u2019acc\u00e9l\u00e9rer ces processus et d\u2019\u00eatre capable de\npartager ces donn\u00e9es scientifiques aux chercheurs. Si vous d\u00e9sirez contribuer \u00e0\ncet \u00e9gard, vous \u00eates les bienvenus \u00e0 joindre notre \u00e9quipe dynamique et conviviale.\nVous profiterez des espaces modernes du centre sur la biodiversit\u00e9 et des\ncommodit\u00e9s li\u00e9es \u00e0 l\u2019enceinte du Jardin Botanique de Montr\u00e9al.<\/p>\n\n\n\n<p>Dans un\npremier temps, les b\u00e9n\u00e9voles sont invit\u00e9s \u00e0 essayer diff\u00e9rentes t\u00e2ches afin de\nchoisir celle ou celles qu\u2019ils pr\u00e9f\u00e8rent effectuer dans la collection. Il est\naussi possible pour un b\u00e9n\u00e9vole d\u2019obtenir un projet sp\u00e9cial selon ses int\u00e9r\u00eats.\nVoici quelques exemples de travaux courants&nbsp;:<\/p>\n\n\n\n<ul class=\"wp-block-list\">\n<li>Montage de sp\u00e9cimens<\/li>\n\n\n\n<li>Transfert de sp\u00e9cimens<\/li>\n\n\n\n<li>Int\u00e9gration de collections<\/li>\n\n\n\n<li>Num\u00e9risation (transcription de<br>donn\u00e9es)<\/li>\n\n\n\n<li>Photographie de sp\u00e9cimens<\/li>\n\n\n\n<li>\u00c9tiquettage (sp\u00e9cimens, tiroirs ou<br>casiers)<\/li>\n\n\n\n<li>Mise \u00e0 jour de la nomenclature<\/li>\n\n\n\n<li>R\u00e9organisation des familles d\u2019insectes<\/li>\n\n\n\n<li>Entretien des \u00e9levages (ex.\u00a0: fourmili\u00e8res)<\/li>\n<\/ul>\n\n\n\n<p>Si vous d\u00e9sirez explorer l&rsquo;id\u00e9e de faire partie de l&rsquo;\u00e9quipe de la collection d\u2019insectes de l\u2019UdeM, envoyez une demande au coordonnateur \u00e0 l\u2019adresse suivante : <a href=\"mailto:qmor.umontreal@gmail.com\">qmor.umontreal@gmail.com<\/a><\/p>\n<\/div>\n\n\n\n<div class=\"wp-block-uagb-container uagb-block-27280710 default uagb-is-root-container\">\t\t\t\t\t<div\n\t\t\t\t\t\tclass=\"wp-block-uagb-image-gallery uagb-block-4bbeaada aligncenter\"\n\t\t\t\t\t\tstyle=\"\"\n\t\t\t\t\t>\n\t\t\t\t\t\t\t\t\t\t\t<div class=\"spectra-image-gallery spectra-image-gallery__layout--grid spectra-image-gallery__layout--grid-col-3 spectra-image-gallery__layout--grid-col-tab-3 spectra-image-gallery__layout--grid-col-mob-2\">\n\t\t\t\t\t\t\t\t\t\t\t<div class='spectra-image-gallery__media-wrapper' data-spectra-gallery-image-id='4166' tabindex=\"0\">\n\t\t\t\t\t\t\t<div class=\"spectra-image-gallery__media spectra-image-gallery__media--grid\">\n\t\t\t\t<picture>\n\t\t\t\t\t<source media=\"(min-width: 1024px)\" srcset=\"https:\/\/qmor.umontreal.ca\/wp-content\/uploads\/2019\/05\/qmor-bibliotheque.jpg\">\n\t\t\t\t\t<source media=\"(min-width: 768px)\" srcset=\"https:\/\/qmor.umontreal.ca\/wp-content\/uploads\/2019\/05\/qmor-bibliotheque.jpg\">\n\t\t\t\t\t<img decoding=\"async\" class=\"spectra-image-gallery__media-thumbnail spectra-image-gallery__media-thumbnail--grid\" src=\"https:\/\/qmor.umontreal.ca\/wp-content\/uploads\/2019\/05\/qmor-bibliotheque-300x225.jpg\" alt=\"\" loading=\"lazy\" \/>\n\t\t\t\t<\/picture>\n\t\t\t\t<div class=\"spectra-image-gallery__media-thumbnail-blurrer\"><\/div>\n\t\t\t\t\t\t\t\t\t\t\t<div class=\"spectra-image-gallery__media-thumbnail-caption-wrapper spectra-image-gallery__media-thumbnail-caption-wrapper--bar-inside\">\n\t\t\t\t\t\t\t\t\t\t\t<div class=\"spectra-image-gallery__media-thumbnail-caption spectra-image-gallery__media-thumbnail-caption--bar-inside\">\n\t\t\t\t\tBiblioth\u00e8que entomologique\t\t\t\t<\/div>\n\t\t\t\t\t\t\t\t\t\t<\/div>\n\t\t\t\t\t\t\t\t\t<\/div>\n\t\t\t\t\t\t<\/div>\n\t\t\t\t\t\t<div class='spectra-image-gallery__media-wrapper' data-spectra-gallery-image-id='4168' tabindex=\"0\">\n\t\t\t\t\t\t\t<div class=\"spectra-image-gallery__media spectra-image-gallery__media--grid\">\n\t\t\t\t<picture>\n\t\t\t\t\t<source media=\"(min-width: 1024px)\" srcset=\"https:\/\/qmor.umontreal.ca\/wp-content\/uploads\/2019\/05\/qmor-salle_consultation.jpg\">\n\t\t\t\t\t<source media=\"(min-width: 768px)\" srcset=\"https:\/\/qmor.umontreal.ca\/wp-content\/uploads\/2019\/05\/qmor-salle_consultation.jpg\">\n\t\t\t\t\t<img decoding=\"async\" class=\"spectra-image-gallery__media-thumbnail spectra-image-gallery__media-thumbnail--grid\" src=\"https:\/\/qmor.umontreal.ca\/wp-content\/uploads\/2019\/05\/qmor-salle_consultation-300x225.jpg\" alt=\"\" loading=\"lazy\" \/>\n\t\t\t\t<\/picture>\n\t\t\t\t<div class=\"spectra-image-gallery__media-thumbnail-blurrer\"><\/div>\n\t\t\t\t\t\t\t\t\t\t\t<div class=\"spectra-image-gallery__media-thumbnail-caption-wrapper spectra-image-gallery__media-thumbnail-caption-wrapper--bar-inside\">\n\t\t\t\t\t\t\t\t\t\t\t<div class=\"spectra-image-gallery__media-thumbnail-caption spectra-image-gallery__media-thumbnail-caption--bar-inside\">\n\t\t\t\t\tSalle de consultation\t\t\t\t<\/div>\n\t\t\t\t\t\t\t\t\t\t<\/div>\n\t\t\t\t\t\t\t\t\t<\/div>\n\t\t\t\t\t\t<\/div>\n\t\t\t\t\t\t<div class='spectra-image-gallery__media-wrapper' data-spectra-gallery-image-id='4171' tabindex=\"0\">\n\t\t\t\t\t\t\t<div class=\"spectra-image-gallery__media spectra-image-gallery__media--grid\">\n\t\t\t\t<picture>\n\t\t\t\t\t<source media=\"(min-width: 1024px)\" srcset=\"https:\/\/qmor.umontreal.ca\/wp-content\/uploads\/2019\/05\/qmor-collection-2.jpg\">\n\t\t\t\t\t<source media=\"(min-width: 768px)\" srcset=\"https:\/\/qmor.umontreal.ca\/wp-content\/uploads\/2019\/05\/qmor-collection-2.jpg\">\n\t\t\t\t\t<img decoding=\"async\" class=\"spectra-image-gallery__media-thumbnail spectra-image-gallery__media-thumbnail--grid\" src=\"https:\/\/qmor.umontreal.ca\/wp-content\/uploads\/2019\/05\/qmor-collection-2-300x197.jpg\" alt=\"\" loading=\"lazy\" \/>\n\t\t\t\t<\/picture>\n\t\t\t\t<div class=\"spectra-image-gallery__media-thumbnail-blurrer\"><\/div>\n\t\t\t\t\t\t\t\t\t\t\t<div class=\"spectra-image-gallery__media-thumbnail-caption-wrapper spectra-image-gallery__media-thumbnail-caption-wrapper--bar-inside\">\n\t\t\t\t\t\t\t\t\t\t\t<div class=\"spectra-image-gallery__media-thumbnail-caption spectra-image-gallery__media-thumbnail-caption--bar-inside\">\n\t\t\t\t\tEspace de collection\t\t\t\t<\/div>\n\t\t\t\t\t\t\t\t\t\t<\/div>\n\t\t\t\t\t\t\t\t\t<\/div>\n\t\t\t\t\t\t<\/div>\n\t\t\t\t\t\t\t\t\t\t<\/div>\n\t\t\t\t\t\t\t\t\t\t\t\t\t\t\t\t\t\t<\/div>\n\t\t\t\t\t\t\t\t\t<\/div>","protected":false},"excerpt":{"rendered":"<p>Vous voulez devenir b\u00e9n\u00e9vole pour la collection d\u2019insectes de l\u2019UdeM? Envoyer une demande au coordonnateur \u00e0 l\u2019adresse suivante&nbsp;:&nbsp;qmor.umontreal@gmail.com La collection Ouellet-Robert de l\u2019Universit\u00e9 de Montr\u00e9al est l\u2019une des plus importantes collections d\u2019insectes au Canada. Afin de pr\u00e9server la valeur scientifique et historique des sp\u00e9cimens qui y sont h\u00e9berg\u00e9s, une grande partie de la collection doit [&hellip;]<\/p>\n","protected":false},"author":20,"featured_media":0,"parent":0,"menu_order":0,"comment_status":"closed","ping_status":"closed","template":"","meta":{"_uag_custom_page_level_css":"","footnotes":""},"class_list":["post-4162","page","type-page","status-publish","hentry"],"uagb_featured_image_src":{"full":false,"thumbnail":false,"medium":false,"medium_large":false,"large":false,"1536x1536":false,"2048x2048":false,"trp-custom-language-flag":false},"uagb_author_info":{"display_name":"\u00c9tienne Normandin","author_link":"http:\/\/qmor.umontreal.ca\/en\/author\/normandin\/"},"uagb_comment_info":0,"uagb_excerpt":"Vous voulez devenir b\u00e9n\u00e9vole pour la collection d\u2019insectes de l\u2019UdeM? Envoyer une demande au coordonnateur \u00e0 l\u2019adresse suivante&nbsp;:&nbsp;qmor.umontreal@gmail.com La collection Ouellet-Robert de l\u2019Universit\u00e9 de Montr\u00e9al est l\u2019une des plus importantes collections d\u2019insectes au Canada. Afin de pr\u00e9server la valeur scientifique et historique des sp\u00e9cimens qui y sont h\u00e9berg\u00e9s, une grande partie de la collection doit&hellip;","_links":{"self":[{"href":"http:\/\/qmor.umontreal.ca\/en\/wp-json\/wp\/v2\/pages\/4162","targetHints":{"allow":["GET"]}}],"collection":[{"href":"http:\/\/qmor.umontreal.ca\/en\/wp-json\/wp\/v2\/pages"}],"about":[{"href":"http:\/\/qmor.umontreal.ca\/en\/wp-json\/wp\/v2\/types\/page"}],"author":[{"embeddable":true,"href":"http:\/\/qmor.umontreal.ca\/en\/wp-json\/wp\/v2\/users\/20"}],"replies":[{"embeddable":true,"href":"http:\/\/qmor.umontreal.ca\/en\/wp-json\/wp\/v2\/comments?post=4162"}],"version-history":[{"count":10,"href":"http:\/\/qmor.umontreal.ca\/en\/wp-json\/wp\/v2\/pages\/4162\/revisions"}],"predecessor-version":[{"id":10839,"href":"http:\/\/qmor.umontreal.ca\/en\/wp-json\/wp\/v2\/pages\/4162\/revisions\/10839"}],"wp:attachment":[{"href":"http:\/\/qmor.umontreal.ca\/en\/wp-json\/wp\/v2\/media?parent=4162"}],"curies":[{"name":"wp","href":"https:\/\/api.w.org\/{rel}","templated":true}]}}