{"id":4324,"date":"2020-03-26T14:40:38","date_gmt":"2020-03-26T18:40:38","guid":{"rendered":"http:\/\/qmor.umontreal.ca\/?page_id=4324"},"modified":"2020-03-26T15:35:14","modified_gmt":"2020-03-26T19:35:14","slug":"les-projets-de-la-collection","status":"publish","type":"page","link":"http:\/\/qmor.umontreal.ca\/en\/les-projets-de-la-collection\/","title":{"rendered":"Les projets de la collection"},"content":{"rendered":"<h2>Guide des insectes et autres arthropodes terrestres du Qu\u00e9bec<\/h2>\n<p><\/p>\n<p style=\"text-align: justify;\">Avec ses 2354 esp\u00e8ces r\u00e9pertori\u00e9es et plus de 3300 photos couleur, ce guide est la r\u00e9f\u00e9rence pour l\u2019identification des insectes et autres arthropodes du nord-est de l\u2019Am\u00e9rique du Nord et du Qu\u00e9bec. Le plus complet \u00e0 ce jour, et tenant compte des plus r\u00e9centes recherches, il contient toute l\u2019information n\u00e9cessaire \u00e0 ceux qui veulent se familiariser avec l\u2019entomologie \u2013 ou encore parfaire leurs connaissances&nbsp;: outil rapide pour l\u2019identification de l\u2019ordre, outil th\u00e9matique, techniques de capture, en plus d\u2019un r\u00e9pertoire de cl\u00e9s d\u2019identification et de r\u00e9f\u00e9rences.<\/p>\n<p style=\"text-align: justify;\">La majeure partie du livre est consacr\u00e9e aux planches photo, ce qui constitue une magnifique introduction \u00e0 l\u2019entomologie. L\u2019auteur, un sp\u00e9cialiste passionn\u00e9 du sujet, vulgarise avec brio la mati\u00e8re th\u00e9orique. Par ailleurs, les notes biologiques permettent au lecteur de mieux comprendre les comportements et les particularit\u00e9s des nombreuses esp\u00e8ces abord\u00e9es dans cet ouvrage.<\/p>\n<p><a href=\"https:\/\/qmor.umontreal.ca\/wp-content\/uploads\/2020\/03\/Screen-Shot-2020-03-26-at-2.37.29-PM.png\"><img loading=\"lazy\" decoding=\"async\" class=\"alignnone size-medium wp-image-4329\" src=\"https:\/\/qmor.umontreal.ca\/wp-content\/uploads\/2020\/03\/Screen-Shot-2020-03-26-at-2.37.29-PM-227x300.png\" alt=\"\" width=\"227\" height=\"300\" srcset=\"https:\/\/qmor.umontreal.ca\/wp-content\/uploads\/2020\/03\/Screen-Shot-2020-03-26-at-2.37.29-PM-227x300.png 227w, https:\/\/qmor.umontreal.ca\/wp-content\/uploads\/2020\/03\/Screen-Shot-2020-03-26-at-2.37.29-PM-204x270.png 204w, https:\/\/qmor.umontreal.ca\/wp-content\/uploads\/2020\/03\/Screen-Shot-2020-03-26-at-2.37.29-PM.png 588w\" sizes=\"auto, (max-width: 227px) 100vw, 227px\" \/><\/a><a href=\"https:\/\/qmor.umontreal.ca\/wp-content\/uploads\/2020\/03\/Screen-Shot-2020-03-26-at-2.35.08-PM.png\"><img loading=\"lazy\" decoding=\"async\" class=\"alignnone size-medium wp-image-4327\" src=\"https:\/\/qmor.umontreal.ca\/wp-content\/uploads\/2020\/03\/Screen-Shot-2020-03-26-at-2.35.08-PM-201x300.png\" alt=\"\" width=\"201\" height=\"300\" srcset=\"https:\/\/qmor.umontreal.ca\/wp-content\/uploads\/2020\/03\/Screen-Shot-2020-03-26-at-2.35.08-PM-201x300.png 201w, https:\/\/qmor.umontreal.ca\/wp-content\/uploads\/2020\/03\/Screen-Shot-2020-03-26-at-2.35.08-PM-686x1024.png 686w, https:\/\/qmor.umontreal.ca\/wp-content\/uploads\/2020\/03\/Screen-Shot-2020-03-26-at-2.35.08-PM-181x270.png 181w, https:\/\/qmor.umontreal.ca\/wp-content\/uploads\/2020\/03\/Screen-Shot-2020-03-26-at-2.35.08-PM.png 691w\" sizes=\"auto, (max-width: 201px) 100vw, 201px\" \/><\/a><a href=\"https:\/\/qmor.umontreal.ca\/wp-content\/uploads\/2020\/03\/Screen-Shot-2020-03-26-at-2.36.00-PM.png\"><img loading=\"lazy\" decoding=\"async\" class=\"alignnone size-medium wp-image-4325\" src=\"https:\/\/qmor.umontreal.ca\/wp-content\/uploads\/2020\/03\/Screen-Shot-2020-03-26-at-2.36.00-PM-201x300.png\" alt=\"\" width=\"201\" height=\"300\" srcset=\"https:\/\/qmor.umontreal.ca\/wp-content\/uploads\/2020\/03\/Screen-Shot-2020-03-26-at-2.36.00-PM-201x300.png 201w, https:\/\/qmor.umontreal.ca\/wp-content\/uploads\/2020\/03\/Screen-Shot-2020-03-26-at-2.36.00-PM-181x270.png 181w, https:\/\/qmor.umontreal.ca\/wp-content\/uploads\/2020\/03\/Screen-Shot-2020-03-26-at-2.36.00-PM.png 685w\" sizes=\"auto, (max-width: 201px) 100vw, 201px\" \/><\/a><a href=\"https:\/\/qmor.umontreal.ca\/wp-content\/uploads\/2020\/03\/Screen-Shot-2020-03-26-at-2.35.31-PM.png\"><img loading=\"lazy\" decoding=\"async\" class=\"alignnone size-medium wp-image-4326\" src=\"https:\/\/qmor.umontreal.ca\/wp-content\/uploads\/2020\/03\/Screen-Shot-2020-03-26-at-2.35.31-PM-200x300.png\" alt=\"\" width=\"200\" height=\"300\" srcset=\"https:\/\/qmor.umontreal.ca\/wp-content\/uploads\/2020\/03\/Screen-Shot-2020-03-26-at-2.35.31-PM-200x300.png 200w, https:\/\/qmor.umontreal.ca\/wp-content\/uploads\/2020\/03\/Screen-Shot-2020-03-26-at-2.35.31-PM-180x270.png 180w, https:\/\/qmor.umontreal.ca\/wp-content\/uploads\/2020\/03\/Screen-Shot-2020-03-26-at-2.35.31-PM.png 683w\" sizes=\"auto, (max-width: 200px) 100vw, 200px\" \/><\/a><a href=\"https:\/\/qmor.umontreal.ca\/wp-content\/uploads\/2020\/03\/Screen-Shot-2020-03-26-at-2.44.02-PM.png\"><img loading=\"lazy\" decoding=\"async\" class=\"alignnone size-medium wp-image-4333\" src=\"https:\/\/qmor.umontreal.ca\/wp-content\/uploads\/2020\/03\/Screen-Shot-2020-03-26-at-2.44.02-PM-200x300.png\" alt=\"\" width=\"200\" height=\"300\" srcset=\"https:\/\/qmor.umontreal.ca\/wp-content\/uploads\/2020\/03\/Screen-Shot-2020-03-26-at-2.44.02-PM-200x300.png 200w, https:\/\/qmor.umontreal.ca\/wp-content\/uploads\/2020\/03\/Screen-Shot-2020-03-26-at-2.44.02-PM-180x270.png 180w, https:\/\/qmor.umontreal.ca\/wp-content\/uploads\/2020\/03\/Screen-Shot-2020-03-26-at-2.44.02-PM.png 496w\" sizes=\"auto, (max-width: 200px) 100vw, 200px\" \/><\/a> <a href=\"https:\/\/qmor.umontreal.ca\/wp-content\/uploads\/2020\/03\/Screen-Shot-2020-03-26-at-2.43.32-PM.png\"><img loading=\"lazy\" decoding=\"async\" class=\"alignnone size-medium wp-image-4334\" src=\"https:\/\/qmor.umontreal.ca\/wp-content\/uploads\/2020\/03\/Screen-Shot-2020-03-26-at-2.43.32-PM-200x300.png\" alt=\"\" width=\"200\" height=\"300\" srcset=\"https:\/\/qmor.umontreal.ca\/wp-content\/uploads\/2020\/03\/Screen-Shot-2020-03-26-at-2.43.32-PM-200x300.png 200w, https:\/\/qmor.umontreal.ca\/wp-content\/uploads\/2020\/03\/Screen-Shot-2020-03-26-at-2.43.32-PM-180x270.png 180w, https:\/\/qmor.umontreal.ca\/wp-content\/uploads\/2020\/03\/Screen-Shot-2020-03-26-at-2.43.32-PM.png 496w\" sizes=\"auto, (max-width: 200px) 100vw, 200px\" \/><\/a><\/p>\n\n\n<hr class=\"wp-block-separator\"\/>\n\n\n<h2>Les abeilles sauvages \u00e0 Montr\u00e9al<\/h2>\n<p><\/p>\n<p style=\"text-align: justify;\">En collaboration avec la collection Ouellet-Robert, Gail McInnis de l&rsquo;universit\u00e9 Concordia m\u00e8ne une \u00e9tude sur les abeilles sauvages urbaines \u00e0 Montr\u00e9al. L&rsquo;expertise de la collection Ouellet-Robert sera ainsi sollicit\u00e9 pour l&rsquo;identification des sp\u00e9cimens. Pour plus d&rsquo;informations:&nbsp;<a href=\"http:\/\/www.carlyziter.com\/our-team.html\">http:\/\/www.carlyziter.com\/our-team.html<\/a><\/p>\n<p><a href=\"https:\/\/qmor.umontreal.ca\/wp-content\/uploads\/2020\/03\/Abeilles_IRBV_calendrierv2-scaled.jpg\"><img loading=\"lazy\" decoding=\"async\" class=\"alignnone  wp-image-4337\" src=\"https:\/\/qmor.umontreal.ca\/wp-content\/uploads\/2020\/03\/Abeilles_IRBV_calendrierv2-300x215.jpg\" alt=\"\" width=\"359\" height=\"257\" srcset=\"https:\/\/qmor.umontreal.ca\/wp-content\/uploads\/2020\/03\/Abeilles_IRBV_calendrierv2-300x215.jpg 300w, https:\/\/qmor.umontreal.ca\/wp-content\/uploads\/2020\/03\/Abeilles_IRBV_calendrierv2-1024x733.jpg 1024w, https:\/\/qmor.umontreal.ca\/wp-content\/uploads\/2020\/03\/Abeilles_IRBV_calendrierv2-768x549.jpg 768w, https:\/\/qmor.umontreal.ca\/wp-content\/uploads\/2020\/03\/Abeilles_IRBV_calendrierv2-1536x1099.jpg 1536w, https:\/\/qmor.umontreal.ca\/wp-content\/uploads\/2020\/03\/Abeilles_IRBV_calendrierv2-2048x1465.jpg 2048w, https:\/\/qmor.umontreal.ca\/wp-content\/uploads\/2020\/03\/Abeilles_IRBV_calendrierv2-377x270.jpg 377w\" sizes=\"auto, (max-width: 359px) 100vw, 359px\" \/><\/a><\/p>\n\n\n<hr class=\"wp-block-separator\"\/>\n\n\n<h2>Cl\u00e9 des Col\u00e9opt\u00e8res du Canada<\/h2>\n<p><\/p>\n<p>Ginette Truchon, une entomologiste amateur, travaille sur une cl\u00e9 des Col\u00e9opt\u00e8res du Canada qui sera simplifi\u00e9e et agr\u00e9ment\u00e9e de photos de hautes qualit\u00e9s.<\/p>\n<p><a href=\"https:\/\/qmor.umontreal.ca\/wp-content\/uploads\/2020\/03\/20190413_151458-1-scaled.jpg\"><img loading=\"lazy\" decoding=\"async\" class=\"alignnone size-medium wp-image-4346\" src=\"https:\/\/qmor.umontreal.ca\/wp-content\/uploads\/2020\/03\/20190413_151458-1-225x300.jpg\" alt=\"\" width=\"225\" height=\"300\" srcset=\"https:\/\/qmor.umontreal.ca\/wp-content\/uploads\/2020\/03\/20190413_151458-1-225x300.jpg 225w, https:\/\/qmor.umontreal.ca\/wp-content\/uploads\/2020\/03\/20190413_151458-1-768x1024.jpg 768w, https:\/\/qmor.umontreal.ca\/wp-content\/uploads\/2020\/03\/20190413_151458-1-1152x1536.jpg 1152w, https:\/\/qmor.umontreal.ca\/wp-content\/uploads\/2020\/03\/20190413_151458-1-1536x2048.jpg 1536w, https:\/\/qmor.umontreal.ca\/wp-content\/uploads\/2020\/03\/20190413_151458-1-203x270.jpg 203w, https:\/\/qmor.umontreal.ca\/wp-content\/uploads\/2020\/03\/20190413_151458-1-scaled.jpg 1920w\" sizes=\"auto, (max-width: 225px) 100vw, 225px\" \/><\/a><\/p>\n\n\n<hr class=\"wp-block-separator\"\/>\n\n\n<h2>Inventaire des bourdons menac\u00e9s ou vuln\u00e9rables<\/h2>\n<p>L&rsquo;\u00e9comuseum a sollicit\u00e9 l&rsquo;expertise de la collection Ouellet-Robert pour l&rsquo;inventaire et l&rsquo;identification des bourdons.<\/p>\n<p><a href=\"https:\/\/zooecomuseum.ca\/en\/protecting-several-species-within-the-same-territory\/\">https:\/\/zooecomuseum.ca\/en\/protecting-several-species-within-the-same-territory\/<\/a><\/p>\n<p><a href=\"https:\/\/qmor.umontreal.ca\/wp-content\/uploads\/2020\/03\/20190722_162207-scaled.jpg\"><img loading=\"lazy\" decoding=\"async\" class=\"alignnone size-medium wp-image-4341\" src=\"https:\/\/qmor.umontreal.ca\/wp-content\/uploads\/2020\/03\/20190722_162207-225x300.jpg\" alt=\"\" width=\"225\" height=\"300\" srcset=\"https:\/\/qmor.umontreal.ca\/wp-content\/uploads\/2020\/03\/20190722_162207-225x300.jpg 225w, https:\/\/qmor.umontreal.ca\/wp-content\/uploads\/2020\/03\/20190722_162207-768x1024.jpg 768w, https:\/\/qmor.umontreal.ca\/wp-content\/uploads\/2020\/03\/20190722_162207-1152x1536.jpg 1152w, https:\/\/qmor.umontreal.ca\/wp-content\/uploads\/2020\/03\/20190722_162207-1536x2048.jpg 1536w, https:\/\/qmor.umontreal.ca\/wp-content\/uploads\/2020\/03\/20190722_162207-203x270.jpg 203w, https:\/\/qmor.umontreal.ca\/wp-content\/uploads\/2020\/03\/20190722_162207-scaled.jpg 1920w\" sizes=\"auto, (max-width: 225px) 100vw, 225px\" \/><\/a> <a href=\"https:\/\/qmor.umontreal.ca\/wp-content\/uploads\/2020\/03\/20190722_162232-scaled.jpg\"><img loading=\"lazy\" decoding=\"async\" class=\"alignnone size-medium wp-image-4342\" src=\"https:\/\/qmor.umontreal.ca\/wp-content\/uploads\/2020\/03\/20190722_162232-225x300.jpg\" alt=\"\" width=\"225\" height=\"300\" srcset=\"https:\/\/qmor.umontreal.ca\/wp-content\/uploads\/2020\/03\/20190722_162232-225x300.jpg 225w, https:\/\/qmor.umontreal.ca\/wp-content\/uploads\/2020\/03\/20190722_162232-768x1024.jpg 768w, https:\/\/qmor.umontreal.ca\/wp-content\/uploads\/2020\/03\/20190722_162232-1152x1536.jpg 1152w, https:\/\/qmor.umontreal.ca\/wp-content\/uploads\/2020\/03\/20190722_162232-1536x2048.jpg 1536w, https:\/\/qmor.umontreal.ca\/wp-content\/uploads\/2020\/03\/20190722_162232-203x270.jpg 203w, https:\/\/qmor.umontreal.ca\/wp-content\/uploads\/2020\/03\/20190722_162232-scaled.jpg 1920w\" sizes=\"auto, (max-width: 225px) 100vw, 225px\" \/><\/a><\/p>\n<p>\u00a0<\/p>\n\n\n<hr class=\"wp-block-separator\"\/>\n\n\n<h2>Formation en entomologie mara\u00eech\u00e8re<\/h2>\n<p>\u00a0<\/p>\n<p>L&rsquo;expertise de la collection Ouellet-Robert a \u00e9t\u00e9 demand\u00e9 afin d&rsquo;offrir une formation sur les insectes nuisibles et b\u00e9n\u00e9fiques dans les potagers urbains.<\/p>\n<p><a href=\"https:\/\/www.onseme.org\/bienvenue\">https:\/\/www.onseme.org\/bienvenue<\/a><\/p>\n<p><a href=\"https:\/\/qmor.umontreal.ca\/wp-content\/uploads\/2020\/03\/20190720_142014-scaled.jpg\"><img loading=\"lazy\" decoding=\"async\" class=\"alignnone  wp-image-4343\" src=\"https:\/\/qmor.umontreal.ca\/wp-content\/uploads\/2020\/03\/20190720_142014-225x300.jpg\" alt=\"\" width=\"257\" height=\"343\" srcset=\"https:\/\/qmor.umontreal.ca\/wp-content\/uploads\/2020\/03\/20190720_142014-225x300.jpg 225w, https:\/\/qmor.umontreal.ca\/wp-content\/uploads\/2020\/03\/20190720_142014-768x1024.jpg 768w, https:\/\/qmor.umontreal.ca\/wp-content\/uploads\/2020\/03\/20190720_142014-1152x1536.jpg 1152w, https:\/\/qmor.umontreal.ca\/wp-content\/uploads\/2020\/03\/20190720_142014-1536x2048.jpg 1536w, https:\/\/qmor.umontreal.ca\/wp-content\/uploads\/2020\/03\/20190720_142014-203x270.jpg 203w, https:\/\/qmor.umontreal.ca\/wp-content\/uploads\/2020\/03\/20190720_142014-scaled.jpg 1920w\" sizes=\"auto, (max-width: 257px) 100vw, 257px\" \/><\/a><a href=\"https:\/\/qmor.umontreal.ca\/wp-content\/uploads\/2020\/03\/20190720_131210-scaled.jpg\"><img loading=\"lazy\" decoding=\"async\" class=\"alignnone  wp-image-4344\" src=\"https:\/\/qmor.umontreal.ca\/wp-content\/uploads\/2020\/03\/20190720_131210-225x300.jpg\" alt=\"\" width=\"257\" height=\"343\" srcset=\"https:\/\/qmor.umontreal.ca\/wp-content\/uploads\/2020\/03\/20190720_131210-225x300.jpg 225w, https:\/\/qmor.umontreal.ca\/wp-content\/uploads\/2020\/03\/20190720_131210-768x1024.jpg 768w, https:\/\/qmor.umontreal.ca\/wp-content\/uploads\/2020\/03\/20190720_131210-1152x1536.jpg 1152w, https:\/\/qmor.umontreal.ca\/wp-content\/uploads\/2020\/03\/20190720_131210-1536x2048.jpg 1536w, https:\/\/qmor.umontreal.ca\/wp-content\/uploads\/2020\/03\/20190720_131210-203x270.jpg 203w, https:\/\/qmor.umontreal.ca\/wp-content\/uploads\/2020\/03\/20190720_131210-scaled.jpg 1920w\" sizes=\"auto, (max-width: 257px) 100vw, 257px\" \/><\/a><\/p>\n<p>\u00a0<\/p>","protected":false},"excerpt":{"rendered":"<p>Guide des insectes et autres arthropodes terrestres du Qu\u00e9bec Avec ses 2354 esp\u00e8ces r\u00e9pertori\u00e9es et plus de 3300 photos couleur, ce guide est la r\u00e9f\u00e9rence pour l\u2019identification des insectes et autres arthropodes du nord-est de l\u2019Am\u00e9rique du Nord et du Qu\u00e9bec. Le plus complet \u00e0 ce jour, et tenant compte des plus r\u00e9centes recherches, il [&hellip;]<\/p>\n","protected":false},"author":20,"featured_media":0,"parent":0,"menu_order":0,"comment_status":"closed","ping_status":"closed","template":"","meta":{"_uag_custom_page_level_css":"","footnotes":""},"class_list":["post-4324","page","type-page","status-publish","hentry"],"uagb_featured_image_src":{"full":false,"thumbnail":false,"medium":false,"medium_large":false,"large":false,"1536x1536":false,"2048x2048":false,"trp-custom-language-flag":false},"uagb_author_info":{"display_name":"\u00c9tienne Normandin","author_link":"http:\/\/qmor.umontreal.ca\/en\/author\/normandin\/"},"uagb_comment_info":0,"uagb_excerpt":"Guide des insectes et autres arthropodes terrestres du Qu\u00e9bec Avec ses 2354 esp\u00e8ces r\u00e9pertori\u00e9es et plus de 3300 photos couleur, ce guide est la r\u00e9f\u00e9rence pour l\u2019identification des insectes et autres arthropodes du nord-est de l\u2019Am\u00e9rique du Nord et du Qu\u00e9bec. Le plus complet \u00e0 ce jour, et tenant compte des plus r\u00e9centes recherches, il&hellip;","_links":{"self":[{"href":"http:\/\/qmor.umontreal.ca\/en\/wp-json\/wp\/v2\/pages\/4324","targetHints":{"allow":["GET"]}}],"collection":[{"href":"http:\/\/qmor.umontreal.ca\/en\/wp-json\/wp\/v2\/pages"}],"about":[{"href":"http:\/\/qmor.umontreal.ca\/en\/wp-json\/wp\/v2\/types\/page"}],"author":[{"embeddable":true,"href":"http:\/\/qmor.umontreal.ca\/en\/wp-json\/wp\/v2\/users\/20"}],"replies":[{"embeddable":true,"href":"http:\/\/qmor.umontreal.ca\/en\/wp-json\/wp\/v2\/comments?post=4324"}],"version-history":[{"count":7,"href":"http:\/\/qmor.umontreal.ca\/en\/wp-json\/wp\/v2\/pages\/4324\/revisions"}],"predecessor-version":[{"id":4349,"href":"http:\/\/qmor.umontreal.ca\/en\/wp-json\/wp\/v2\/pages\/4324\/revisions\/4349"}],"wp:attachment":[{"href":"http:\/\/qmor.umontreal.ca\/en\/wp-json\/wp\/v2\/media?parent=4324"}],"curies":[{"name":"wp","href":"https:\/\/api.w.org\/{rel}","templated":true}]}}