{"id":4392,"date":"2020-03-31T14:20:42","date_gmt":"2020-03-31T18:20:42","guid":{"rendered":"http:\/\/qmor.umontreal.ca\/?page_id=4392"},"modified":"2025-06-11T16:13:56","modified_gmt":"2025-06-11T20:13:56","slug":"coleopteres","status":"publish","type":"page","link":"http:\/\/qmor.umontreal.ca\/en\/coleopteres\/","title":{"rendered":"Col\u00e9opt\u00e8res"},"content":{"rendered":"<p><a href=\"https:\/\/qmor.umontreal.ca\/en\/trigonarthris-proxima-say-1824\/\">Trigonarthris proxima (Say 1824)<\/a><\/p>\n<p><a href=\"https:\/\/qmor.umontreal.ca\/en\/graphoderus-liberus-say-1825\/\">Graphoderus liberus (Say 1825)<\/a><\/p>\n<p><a href=\"https:\/\/qmor.umontreal.ca\/en\/lumineux-coleopteres\/\">Lumineux col\u00e9opt\u00e8res<\/a><\/p>\n<p><a href=\"https:\/\/qmor.umontreal.ca\/en\/et-si-michael-phelps-competitionnait-contre-gyrin\/\">Et si Michael Phelps comp\u00e9titionnait contre gyrin?!<\/a><\/p>\n<p><a href=\"https:\/\/qmor.umontreal.ca\/en\/neogalerucella-pusilla-duftschmid-1825\/\">Neogalerucella pusilla (Duftschmid 1825)<\/a><\/p>\n<p><a href=\"https:\/\/qmor.umontreal.ca\/en\/harmonia-axyridis-pallas-1773\/\">Harmonia axyridis (Pallas 1773)<\/a><\/p>\n<p><a href=\"https:\/\/qmor.umontreal.ca\/en\/philonthus-cyanipennis-fabricus-1793\/\">Philonthus cyanipennis (Fabricus 1793)<\/a><\/p>\n<p><a href=\"https:\/\/qmor.umontreal.ca\/en\/bolitotherus-cornutus-panzer-1794\/\">Bolitotherus cornutus (Panzer 1794)<\/a><\/p>\n<p><a href=\"https:\/\/qmor.umontreal.ca\/en\/creophilus-maxillosus-linnaeus-1758\/\">Creophilus maxillosus (Linnaeus 1758)<\/a><\/p>\n<p><a href=\"https:\/\/qmor.umontreal.ca\/en\/necrodes-surinamensi-fabricius-1775\/\">Necrodes surinamensis (Fabricius 1775)<\/a><\/p>\n<p><a href=\"https:\/\/qmor.umontreal.ca\/en\/calligrapha-philadelphica-linnaeus-1758\/\">Calligrapha philadelphica (Linnaeus 1758)<\/a><\/p>\n<p><a href=\"https:\/\/qmor.umontreal.ca\/en\/platydracus-violaceus-gravenhorst-1802\/\">Platydracus violaceus (Gravenhorst 1802) \u00a0<\/a><\/p>\n<p><a href=\"https:\/\/qmor.umontreal.ca\/en\/chauliognathus-pennsylvanicus-degeer-1774\/\">Chauliognathus pennsylvanicus (DeGeer 1774)<\/a><\/p>\n<p><a href=\"https:\/\/qmor.umontreal.ca\/en\/ceruchus-piceus-weber-1801\/\">Ceruchus piceus (Weber 1801)<\/a><\/p>\n<p><a href=\"https:\/\/qmor.umontreal.ca\/en\/oxyporus-vittatus-gravenhorst-1802\/\">Oxyporus vittatus Gravenhorst 1802<\/a><\/p>\n<p><a href=\"https:\/\/qmor.umontreal.ca\/en\/donacia-cincticornis-newman-1838\/\">Donacia cincticornis (Newman 1838)<\/a><\/p>\n<p><a href=\"https:\/\/qmor.umontreal.ca\/en\/nicrophorus-tomentosus-weber-1801\/\">Nicrophorus tomentosus (Weber 1801)<\/a><\/p>\n<p><a href=\"https:\/\/qmor.umontreal.ca\/en\/endomychus-biguttatus-say-1824\/\">Endomychus biguttatus (Say 1824)<\/a><\/p>\n<p><a href=\"https:\/\/qmor.umontreal.ca\/en\/geotrupes-balyi-jekel-1865\/\">Geotrupes balyi Jekel 1865<\/a><\/p>\n<p><a href=\"https:\/\/qmor.umontreal.ca\/en\/sciaphilus-asperatus-bonsdorff-1785\/\">Sciaphilus asperatus (Bonsdorff 1785)<\/a><\/p>\n\n\n<p><\/p>","protected":false},"excerpt":{"rendered":"<p>Trigonarthris proxima (Say 1824) Graphoderus liberus (Say 1825) Lumineux col\u00e9opt\u00e8res Et si Michael Phelps comp\u00e9titionnait contre gyrin?! Neogalerucella pusilla (Duftschmid 1825) Harmonia axyridis (Pallas 1773) Philonthus cyanipennis (Fabricus 1793) Bolitotherus cornutus (Panzer 1794) Creophilus maxillosus (Linnaeus 1758) Necrodes surinamensis (Fabricius 1775) Calligrapha philadelphica (Linnaeus 1758) Platydracus violaceus (Gravenhorst 1802) \u00a0 Chauliognathus pennsylvanicus (DeGeer 1774) Ceruchus [&hellip;]<\/p>\n","protected":false},"author":20,"featured_media":0,"parent":0,"menu_order":0,"comment_status":"closed","ping_status":"closed","template":"","meta":{"_uag_custom_page_level_css":"","footnotes":""},"class_list":["post-4392","page","type-page","status-publish","hentry"],"uagb_featured_image_src":{"full":false,"thumbnail":false,"medium":false,"medium_large":false,"large":false,"1536x1536":false,"2048x2048":false,"trp-custom-language-flag":false},"uagb_author_info":{"display_name":"\u00c9tienne Normandin","author_link":"http:\/\/qmor.umontreal.ca\/en\/author\/normandin\/"},"uagb_comment_info":0,"uagb_excerpt":"Trigonarthris proxima (Say 1824) Graphoderus liberus (Say 1825) Lumineux col\u00e9opt\u00e8res Et si Michael Phelps comp\u00e9titionnait contre gyrin?! Neogalerucella pusilla (Duftschmid 1825) Harmonia axyridis (Pallas 1773) Philonthus cyanipennis (Fabricus 1793) Bolitotherus cornutus (Panzer 1794) Creophilus maxillosus (Linnaeus 1758) Necrodes surinamensis (Fabricius 1775) Calligrapha philadelphica (Linnaeus 1758) Platydracus violaceus (Gravenhorst 1802) \u00a0 Chauliognathus pennsylvanicus (DeGeer 1774) Ceruchus&hellip;","_links":{"self":[{"href":"http:\/\/qmor.umontreal.ca\/en\/wp-json\/wp\/v2\/pages\/4392","targetHints":{"allow":["GET"]}}],"collection":[{"href":"http:\/\/qmor.umontreal.ca\/en\/wp-json\/wp\/v2\/pages"}],"about":[{"href":"http:\/\/qmor.umontreal.ca\/en\/wp-json\/wp\/v2\/types\/page"}],"author":[{"embeddable":true,"href":"http:\/\/qmor.umontreal.ca\/en\/wp-json\/wp\/v2\/users\/20"}],"replies":[{"embeddable":true,"href":"http:\/\/qmor.umontreal.ca\/en\/wp-json\/wp\/v2\/comments?post=4392"}],"version-history":[{"count":2,"href":"http:\/\/qmor.umontreal.ca\/en\/wp-json\/wp\/v2\/pages\/4392\/revisions"}],"predecessor-version":[{"id":9488,"href":"http:\/\/qmor.umontreal.ca\/en\/wp-json\/wp\/v2\/pages\/4392\/revisions\/9488"}],"wp:attachment":[{"href":"http:\/\/qmor.umontreal.ca\/en\/wp-json\/wp\/v2\/media?parent=4392"}],"curies":[{"name":"wp","href":"https:\/\/api.w.org\/{rel}","templated":true}]}}