{"id":4403,"date":"2020-03-31T14:47:00","date_gmt":"2020-03-31T18:47:00","guid":{"rendered":"http:\/\/qmor.umontreal.ca\/?page_id=4403"},"modified":"2020-03-31T14:52:39","modified_gmt":"2020-03-31T18:52:39","slug":"articles-generaux","status":"publish","type":"page","link":"http:\/\/qmor.umontreal.ca\/en\/articles-generaux\/","title":{"rendered":"Articles g\u00e9n\u00e9raux"},"content":{"rendered":"<p><a href=\"https:\/\/qmor.umontreal.ca\/en\/article-publie-sur-la-numerisation-des-specimens-dodonates-du-quebec\/\">Article publi\u00e9 sur la num\u00e9risation des sp\u00e9cimens d&rsquo;Odonates du Qu\u00e9bec<\/a><\/p>\n<p><a href=\"https:\/\/qmor.umontreal.ca\/en\/deces-de-pierre-paul-harper\/\">D\u00e9c\u00e8s de Pierre-Paul Harper<\/a><\/p>\n<p><a href=\"https:\/\/qmor.umontreal.ca\/en\/club-qmor\/\">Annonce \u2013 Club QMOR<\/a><\/p>\n<p><a href=\"https:\/\/qmor.umontreal.ca\/en\/les-reponses-les-douze-specimens-a-identifier\/\">Les r\u00e9ponses: les douze sp\u00e9cimens \u00e0 identifier<\/a><\/p>\n<p><a href=\"https:\/\/qmor.umontreal.ca\/en\/lidentification-des-insectes-combien-de-specimens-etes-vous-capable-didentifier\/\">L\u2019identification des insectes: combien de sp\u00e9cimens \u00eates-vous capable d\u2019identifier?<\/a><\/p>","protected":false},"excerpt":{"rendered":"<p>Article publi\u00e9 sur la num\u00e9risation des sp\u00e9cimens d&rsquo;Odonates du Qu\u00e9bec D\u00e9c\u00e8s de Pierre-Paul Harper Annonce \u2013 Club QMOR Les r\u00e9ponses: les douze sp\u00e9cimens \u00e0 identifier L\u2019identification des insectes: combien de sp\u00e9cimens \u00eates-vous capable d\u2019identifier?<\/p>","protected":false},"author":20,"featured_media":0,"parent":0,"menu_order":0,"comment_status":"closed","ping_status":"closed","template":"","meta":{"_uag_custom_page_level_css":"","footnotes":""},"class_list":["post-4403","page","type-page","status-publish","hentry"],"uagb_featured_image_src":{"full":false,"thumbnail":false,"medium":false,"medium_large":false,"large":false,"1536x1536":false,"2048x2048":false,"trp-custom-language-flag":false},"uagb_author_info":{"display_name":"\u00c9tienne Normandin","author_link":"http:\/\/qmor.umontreal.ca\/en\/author\/normandin\/"},"uagb_comment_info":0,"uagb_excerpt":"Article publi\u00e9 sur la num\u00e9risation des sp\u00e9cimens d&rsquo;Odonates du Qu\u00e9bec D\u00e9c\u00e8s de Pierre-Paul Harper Annonce \u2013 Club QMOR Les r\u00e9ponses: les douze sp\u00e9cimens \u00e0 identifier L\u2019identification des insectes: combien de sp\u00e9cimens \u00eates-vous capable d\u2019identifier?","_links":{"self":[{"href":"http:\/\/qmor.umontreal.ca\/en\/wp-json\/wp\/v2\/pages\/4403","targetHints":{"allow":["GET"]}}],"collection":[{"href":"http:\/\/qmor.umontreal.ca\/en\/wp-json\/wp\/v2\/pages"}],"about":[{"href":"http:\/\/qmor.umontreal.ca\/en\/wp-json\/wp\/v2\/types\/page"}],"author":[{"embeddable":true,"href":"http:\/\/qmor.umontreal.ca\/en\/wp-json\/wp\/v2\/users\/20"}],"replies":[{"embeddable":true,"href":"http:\/\/qmor.umontreal.ca\/en\/wp-json\/wp\/v2\/comments?post=4403"}],"version-history":[{"count":1,"href":"http:\/\/qmor.umontreal.ca\/en\/wp-json\/wp\/v2\/pages\/4403\/revisions"}],"predecessor-version":[{"id":4404,"href":"http:\/\/qmor.umontreal.ca\/en\/wp-json\/wp\/v2\/pages\/4403\/revisions\/4404"}],"wp:attachment":[{"href":"http:\/\/qmor.umontreal.ca\/en\/wp-json\/wp\/v2\/media?parent=4403"}],"curies":[{"name":"wp","href":"https:\/\/api.w.org\/{rel}","templated":true}]}}